{"id":872,"date":"2009-12-22T18:08:21","date_gmt":"2009-12-22T16:08:21","guid":{"rendered":"http:\/\/www.dh-premiumevents.de\/?page_id=872&#038;lang=de_DE"},"modified":"2024-08-29T16:50:32","modified_gmt":"2024-08-29T14:50:32","slug":"red-ant","status":"publish","type":"page","link":"https:\/\/messweb-masters.de\/en\/aussteller\/profile\/red-ant\/","title":{"rendered":"red-ant"},"content":{"rendered":"<p><a href=\"http:\/\/www.red-ant.de\" target=\"_blank\"><img decoding=\"async\" class=\"logo alignright\" alt=\"\" src=\"https:\/\/messweb-masters.de\/wp-content\/uploads\/2024\/03\/2024_red-ant.svg\" \/><\/a><strong>red-ant<\/strong> stellt KI-basierte Messsysteme zur Schadensfr\u00fcherkennung und zur Akustischen Qualit\u00e4tssicherung her.<\/p>\n<p>Unsere MIG16 EFD Messsysteme erkennen Verzahnungs-, Lager- und Motorsch\u00e4den, sowie Verschlei\u00df- und Schaltger\u00e4usche. Unser KI-basiertes Konzept beinhaltet neben der kontinuierlichen Datenerfassung und Klassierung der Pr\u00fcfbedingungen die Berechnung verschiedener modernen NVH Indikatoren. Sowohl der Motorsport, als auch die moderne EV-Antriebserprobung mit ihren immer dynamischer gestalteten Pr\u00fcfprofilen profitiert von unserer Schadensfr\u00fcherkennung. <\/p>\n<p>Auch f\u00fcr den EOL-Funktionspr\u00fcfstand haben wir ein optimales Ger\u00e4uschmesssystem MIG16 AQS geschaffen. Es erkennt zuverl\u00e4ssig aus dem K\u00f6rperschall Montagefehler und identifiziert fehlende \/ besch\u00e4digte Teile, \u00fcberwacht das Ger\u00e4uschniveau des Pr\u00fcflings und gibt Auskunft \u00fcber alle Arten von ungewollten Ger\u00e4uschen.<\/p>\n<p>Ob bei Getrieben, Achsen, Elektro- und Verbrennungsmotoren oder Sto\u00dfd\u00e4mpfern \u2013 unsere Messtechnik wird bei der Endpr\u00fcfung erfolgreich eingesetzt. Unsere Kunden sch\u00e4tzen besonders die Wirtschaftlichkeit und extreme Zuverl\u00e4ssigkeit unserer individuell zugeschnittenen Systeml\u00f6sungen. Zudem bieten wir Ihnen auch einen einzigartigen Anwendersupport durch das red-ant Kompetenzzentrum. <\/p>\n<p><strong>Wir freuen uns auf Ihren Besuch\u00a0beim\u00a0messweb masters 2024 an unserem Stand Nr. 24 A!<\/strong><\/p>\n<p>red-ant measurement technologies and services GmbH<br \/>\nTaunusstra\u00dfe 51<br \/>\n80807 M\u00fcnchen<\/p>\n<p><a href=\"http:\/\/www.red-ant.de\" target=\"_blank\">www.red-ant.de<\/a><span class='maxbutton-106-container mb-container'><a class=\"maxbutton-106 maxbutton maxbutton-produkte-red-ant\" href=\"https:\/\/messweb-masters.de\/category\/produkte\/?s=red-ant\"><span class='mb-text'>Zu den Produkten &gt;&gt;&gt;<\/span><\/a><\/span> <\/p>\n","protected":false},"excerpt":{"rendered":"<p>red-ant stellt KI-basierte Messsysteme zur Schadensfr\u00fcherkennung und zur Akustischen Qualit\u00e4tssicherung her. Unsere MIG16 EFD Messsysteme erkennen Verzahnungs-, Lager- und Motorsch\u00e4den, sowie Verschlei\u00df- und Schaltger\u00e4usche. Unser KI-basiertes Konzept beinhaltet neben der kontinuierlichen Datenerfassung und Klassierung der Pr\u00fcfbedingungen die Berechnung verschiedener modernen&#8230;<\/p>\n","protected":false},"author":4,"featured_media":0,"parent":1590,"menu_order":180,"comment_status":"open","ping_status":"open","template":"","meta":{"inline_featured_image":false,"jetpack_post_was_ever_published":true,"footnotes":""},"class_list":["post-872","page","type-page","status-publish","hentry"],"translation":{"provider":"WPGlobus","version":"3.0.2","language":"en","enabled_languages":["de","en"],"languages":{"de":{"title":true,"content":true,"excerpt":false},"en":{"title":false,"content":false,"excerpt":false}}},"jetpack_shortlink":"https:\/\/wp.me\/P8ayXV-e4","jetpack_sharing_enabled":true,"_links":{"self":[{"href":"https:\/\/messweb-masters.de\/en\/wp-json\/wp\/v2\/pages\/872","targetHints":{"allow":["GET"]}}],"collection":[{"href":"https:\/\/messweb-masters.de\/en\/wp-json\/wp\/v2\/pages"}],"about":[{"href":"https:\/\/messweb-masters.de\/en\/wp-json\/wp\/v2\/types\/page"}],"author":[{"embeddable":true,"href":"https:\/\/messweb-masters.de\/en\/wp-json\/wp\/v2\/users\/4"}],"replies":[{"embeddable":true,"href":"https:\/\/messweb-masters.de\/en\/wp-json\/wp\/v2\/comments?post=872"}],"version-history":[{"count":14,"href":"https:\/\/messweb-masters.de\/en\/wp-json\/wp\/v2\/pages\/872\/revisions"}],"predecessor-version":[{"id":42813,"href":"https:\/\/messweb-masters.de\/en\/wp-json\/wp\/v2\/pages\/872\/revisions\/42813"}],"up":[{"embeddable":true,"href":"https:\/\/messweb-masters.de\/en\/wp-json\/wp\/v2\/pages\/1590"}],"wp:attachment":[{"href":"https:\/\/messweb-masters.de\/en\/wp-json\/wp\/v2\/media?parent=872"}],"curies":[{"name":"wp","href":"https:\/\/api.w.org\/{rel}","templated":true}]}}