{"id":853,"date":"2009-12-17T19:48:00","date_gmt":"2009-12-17T17:48:00","guid":{"rendered":"http:\/\/www.dh-premiumevents.de\/?page_id=853&#038;lang=de_DE"},"modified":"2023-11-29T16:50:38","modified_gmt":"2023-11-29T15:50:38","slug":"polytec","status":"publish","type":"page","link":"https:\/\/messweb-masters.de\/en\/aussteller\/profile\/polytec\/","title":{"rendered":"Polytec"},"content":{"rendered":"<p><a href=\"http:\/\/www.polytec.de\" target=\"_blank\" rel=\"noopener noreferrer\"><img loading=\"lazy\" decoding=\"async\" class=\"logo alignright\" src=\"https:\/\/messweb-masters.de\/wp-content\/uploads\/logo\/2018-Polytec.svg\" alt=\"\" width=\"299\" height=\"102\"><\/a><strong>Polytec<\/strong> ist ein f\u00fchrender Hersteller von Laservibrometern, die weltweit als Standard in der ber\u00fchrungslosen Schwingungsmesstechnik gelten. F\u00fcr jede Anwendung bietet Polytec eine passende Systeml\u00f6sung, egal ob es um die 100%-Inspektion von Motoren oder Lagern in der Fertigung geht, um die Optimierung von Ultraschallwerkzeugen, die Charakterisierung von MEMS und Mikrostrukturen oder die Erkennung von Torsionsschwingungen im Antriebsstrang von Fahrzeugen und mehr. Polytec Messtechnik hilft Forschern, Produktionstechnikern und Entwicklern dabei, die eigene Technologief\u00fchrerschaft zu behaupten. Das Polytec Know-how ist branchen\u00fcbergreifend gefragt, sei es im Automobilbau, in der Luft- und Raumfahrttechnik, im Maschinenbau, in der Mikrosystemtechnik oder in der biologischen Forschung.<\/p>\n<p>Seit \u00fcber 50 Jahren bietet Polytec laseroptische Messtechnik f\u00fcr Industrie und Forschung. Das Portfolio reicht von Schwingungs- \u00fcber L\u00e4ngen- und Geschwindigkeitsmesstechnik  bis hin zu Ger\u00e4ten zur Oberfl\u00e4chencharakterisierung. Die Entwicklung von High-Tech-Sensorsystemen gilt als strategische Kernaktivit\u00e4t und hat die Produktpalette um Prozessanalytik, Noise Analysis und Prozessautomation erg\u00e4nzt. Die Distribution optoelektronischer Komponenten anderer innovativer Hersteller rundet das Angebot ab. Polytec ist ein weltweit t\u00e4tiges Unternehmen mit Firmenhauptsitz in Waldbronn, Baden-W\u00fcrttemberg, und mit Niederlassungen in Europa, Nordamerika und Asien.<\/p>\n<p><strong>Wir freuen uns auf Ihren Besuch an unserem Stand Nr. 2B!<\/strong><span class='maxbutton-32-container mb-container'><a class=\"maxbutton-32 maxbutton maxbutton-produkte-polytec\" href=\"https:\/\/messweb-masters.de\/category\/produkte\/?s=Polytec\"><span class='mb-text'>Zu den Produkten &gt;&gt;&gt;<\/span><\/a><\/span>\n<p>Polytec GmbH<br \/>\nPolytec-Platz 1-7<br \/>\n76337 Waldbronn<\/p>\n<p><a href=\"http:\/\/www.polytec.de\" target=\"_blank\" rel=\"noopener noreferrer\">www.polytec.de<\/a><\/p>\n","protected":false},"excerpt":{"rendered":"<p>Polytec ist ein f\u00fchrender Hersteller von Laservibrometern, die weltweit als Standard in der ber\u00fchrungslosen Schwingungsmesstechnik gelten. F\u00fcr jede Anwendung bietet Polytec eine passende Systeml\u00f6sung, egal ob es um die 100%-Inspektion von Motoren oder Lagern in der Fertigung geht, um die&#8230;<\/p>\n","protected":false},"author":4,"featured_media":0,"parent":1590,"menu_order":160,"comment_status":"open","ping_status":"open","template":"","meta":{"inline_featured_image":false,"jetpack_post_was_ever_published":false,"footnotes":""},"class_list":["post-853","page","type-page","status-publish","hentry"],"translation":{"provider":"WPGlobus","version":"3.0.2","language":"en","enabled_languages":["de","en"],"languages":{"de":{"title":true,"content":true,"excerpt":false},"en":{"title":false,"content":false,"excerpt":false}}},"jetpack_shortlink":"https:\/\/wp.me\/P8ayXV-dL","jetpack_sharing_enabled":true,"_links":{"self":[{"href":"https:\/\/messweb-masters.de\/en\/wp-json\/wp\/v2\/pages\/853","targetHints":{"allow":["GET"]}}],"collection":[{"href":"https:\/\/messweb-masters.de\/en\/wp-json\/wp\/v2\/pages"}],"about":[{"href":"https:\/\/messweb-masters.de\/en\/wp-json\/wp\/v2\/types\/page"}],"author":[{"embeddable":true,"href":"https:\/\/messweb-masters.de\/en\/wp-json\/wp\/v2\/users\/4"}],"replies":[{"embeddable":true,"href":"https:\/\/messweb-masters.de\/en\/wp-json\/wp\/v2\/comments?post=853"}],"version-history":[{"count":18,"href":"https:\/\/messweb-masters.de\/en\/wp-json\/wp\/v2\/pages\/853\/revisions"}],"predecessor-version":[{"id":32775,"href":"https:\/\/messweb-masters.de\/en\/wp-json\/wp\/v2\/pages\/853\/revisions\/32775"}],"up":[{"embeddable":true,"href":"https:\/\/messweb-masters.de\/en\/wp-json\/wp\/v2\/pages\/1590"}],"wp:attachment":[{"href":"https:\/\/messweb-masters.de\/en\/wp-json\/wp\/v2\/media?parent=853"}],"curies":[{"name":"wp","href":"https:\/\/api.w.org\/{rel}","templated":true}]}}