{"id":8318,"date":"2018-01-09T18:16:27","date_gmt":"2018-01-09T17:16:27","guid":{"rendered":"http:\/\/messtec-masters.de\/?page_id=8318"},"modified":"2022-07-19T11:16:01","modified_gmt":"2022-07-19T09:16:01","slug":"datenschutzerklaerung","status":"publish","type":"page","link":"https:\/\/messweb-masters.de\/en\/about\/datenschutzerklaerung\/","title":{"rendered":"Datenschutzerkl\u00e4rung"},"content":{"rendered":"<h3>Datenschutz<\/h3>\n<p>Als Betreiber dieser Website nehmen wir den Schutz Ihrer pers\u00f6nlichen Daten sehr ernst. Wir behandeln Ihre personenbezogenen Daten vertraulich und entsprechend der gesetzlichen Datenschutzvorschriften sowie dieser Datenschutzerkl\u00e4rung. Wenn Sie diese Website benutzen, werden n\u00f6tigenfalls verschiedene personenbezogene Daten erhoben. Personenbezogene Daten sind Daten, mit denen Sie pers\u00f6nlich identifiziert werden k\u00f6nnen. Die vorliegende Datenschutzerkl\u00e4rung erl\u00e4utert, welche Daten wir erheben und wof\u00fcr wir sie nutzen. Sie erl\u00e4utert auch, wie und zu welchem Zweck das geschieht. Wir weisen darauf hin, dass die Daten\u00fcbertragung im Internet (z.B. bei der Kommunikation per E-Mail) Sicherheitsl\u00fccken aufweisen kann. Ein l\u00fcckenloser Schutz der Daten vor dem Zugriff durch Dritte ist nicht m\u00f6glich.<\/p>\n<p>Durch die Nutzung unserer Website erkl\u00e4ren Sie sich mit der Erhebung, Verarbeitung und Nutzung von Daten gem\u00e4\u00df der nachfolgenden Beschreibung einverstanden. Unsere Website kann grunds\u00e4tzlich ohne Registrierung besucht werden. Dabei werden Daten wie beispielsweise aufgerufene Seiten bzw. Namen der abgerufenen Datei, Datum und Uhrzeit lediglich zu statistischen Zwecken auf dem Server gespeichert, ohne dass diese Daten unmittelbar auf Ihre Person bezogen werden. Personenbezogene Daten, insbesondere Name, Adresse oder E-Mail-Adresse werden nur soweit erforderlich und auf freiwilliger Basis erhoben. Ohne Ihre Einwilligung erfolgt keine Weitergabe der Daten an Dritte.<\/p>\n<h3>Was wir mit Ihren Daten machen<\/h3>\n<p>Die bei Ihrer Anmeldung zu einer unserer Veranstaltungen oder zu unseren Newslettern \u00fcbermittelten Daten werden bei uns bzw. unseren Servicepartnern gespeichert. \u00dcber diese Kontaktdaten erhalten Sie die gew\u00fcnschten Informationen sowie ggf. die f\u00fcr den Besuch der Veranstaltung notwendigen Eintrittsausweise und weitere f\u00fcr Sie n\u00fctzliche Informationen. Diesen E-Mail-Service k\u00f6nnen Sie jederzeit abbestellen. Falls Sie nie wieder etwas von uns h\u00f6ren m\u00f6chten, informieren Sie uns bitte formlos. Die Server, auf denen Ihre Daten gespeichert sind, befinden sich in Deutschland.<\/p>\n<h3>L\u00f6schung Ihrer Daten auf Verlangen<\/h3>\n<p>Wenn wir Ihren Datensatz komplett l\u00f6schen sollen, bitten wir Sie um eine formlose E-Mail mit Ihrem Namen, dem Unternehmen, f\u00fcr das Sie t\u00e4tig sind\/waren und Ihre E-Mail-Adresse. Diese Daten dienen lediglich der Identifizierung und werden nicht gespeichert. Sollten wir Ihre Bitte nicht zuordnen k\u00f6nnen, setzen wir uns mit Ihnen in Verbindung.<\/p>\n<h3>Cookies<\/h3>\n<p>Unsere Website verwendet Cookies. Das sind kleine Textdateien, die es m\u00f6glich machen, auf dem Endger\u00e4t des Nutzers spezifische, auf den Nutzer bezogene Informationen zu speichern, w\u00e4hrend er die Website nutzt. Cookies erm\u00f6glichen es, insbesondere Nutzungsh\u00e4ufigkeit und Nutzeranzahl der Seiten zu ermitteln, Verhaltensweisen der Seitennutzung zu analysieren, aber auch unser Angebot kundenfreundlicher zu gestalten. Cookies bleiben \u00fcber das Ende einer Browser-Sitzung gespeichert und k\u00f6nnen bei einem erneuten Seitenbesuch wieder aufgerufen werden. Wenn Sie das nicht w\u00fcnschen, sollten Sie Ihren Internetbrowser so einstellen, dass er die Annahme von Cookies verweigert.<\/p>\n<h3>Welche Rechte haben Sie bez\u00fcglich Ihrer Daten?<\/h3>\n<p>Sie haben jederzeit das Recht unentgeltlich Auskunft \u00fcber Herkunft, Empf\u00e4nger und Zweck Ihrer gespeicherten personenbezogenen Daten zu erhalten. Sie haben au\u00dferdem ein Recht, die Berichtigung, Sperrung oder L\u00f6schung dieser Daten zu verlangen. Hierzu sowie zu weiteren Fragen zum Thema Datenschutz k\u00f6nnen Sie sich jederzeit unter der im Impressum angegebenen Adresse an uns wenden. Des Weiteren steht Ihnen ein Beschwerderecht bei der zust\u00e4ndigen Aufsichtsbeh\u00f6rde zu.<\/p>\n<h3>Verantwortliche Stelle<\/h3>\n<p>Die verantwortliche Stelle f\u00fcr die Datenerfassung und Datenverarbeitung auf dieser Webseite ist:<\/p>\n<p>D&amp;H Premium Events GmbH<br \/>\nGesch\u00e4ftsf\u00fchrer: Joachim Hachmeister<br \/>\nJosef-J\u00e4gerhuber-Str. 6<br \/>\n82319 Starnberg<\/p>\n<p>Tel.: +49(0)8151 746482<br \/>\nE-Mail: mail(at)premiumevents.de<\/p>\n","protected":false},"excerpt":{"rendered":"<p>Datenschutz Als Betreiber dieser Website nehmen wir den Schutz Ihrer pers\u00f6nlichen Daten sehr ernst. Wir behandeln Ihre personenbezogenen Daten vertraulich und entsprechend der gesetzlichen Datenschutzvorschriften sowie dieser Datenschutzerkl\u00e4rung. Wenn Sie diese Website benutzen, werden n\u00f6tigenfalls verschiedene personenbezogene Daten erhoben. Personenbezogene&#8230;<\/p>\n","protected":false},"author":5,"featured_media":0,"parent":5,"menu_order":0,"comment_status":"closed","ping_status":"closed","template":"","meta":{"inline_featured_image":false,"jetpack_post_was_ever_published":false,"footnotes":""},"class_list":["post-8318","page","type-page","status-publish","hentry"],"translation":{"provider":"WPGlobus","version":"3.0.2","language":"en","enabled_languages":["de","en"],"languages":{"de":{"title":true,"content":true,"excerpt":false},"en":{"title":false,"content":false,"excerpt":false}}},"jetpack_shortlink":"https:\/\/wp.me\/P8ayXV-2aa","jetpack_sharing_enabled":true,"_links":{"self":[{"href":"https:\/\/messweb-masters.de\/en\/wp-json\/wp\/v2\/pages\/8318","targetHints":{"allow":["GET"]}}],"collection":[{"href":"https:\/\/messweb-masters.de\/en\/wp-json\/wp\/v2\/pages"}],"about":[{"href":"https:\/\/messweb-masters.de\/en\/wp-json\/wp\/v2\/types\/page"}],"author":[{"embeddable":true,"href":"https:\/\/messweb-masters.de\/en\/wp-json\/wp\/v2\/users\/5"}],"replies":[{"embeddable":true,"href":"https:\/\/messweb-masters.de\/en\/wp-json\/wp\/v2\/comments?post=8318"}],"version-history":[{"count":28,"href":"https:\/\/messweb-masters.de\/en\/wp-json\/wp\/v2\/pages\/8318\/revisions"}],"predecessor-version":[{"id":27604,"href":"https:\/\/messweb-masters.de\/en\/wp-json\/wp\/v2\/pages\/8318\/revisions\/27604"}],"up":[{"embeddable":true,"href":"https:\/\/messweb-masters.de\/en\/wp-json\/wp\/v2\/pages\/5"}],"wp:attachment":[{"href":"https:\/\/messweb-masters.de\/en\/wp-json\/wp\/v2\/media?parent=8318"}],"curies":[{"name":"wp","href":"https:\/\/api.w.org\/{rel}","templated":true}]}}