{"id":7952,"date":"2017-12-01T12:14:41","date_gmt":"2017-12-01T11:14:41","guid":{"rendered":"http:\/\/messtec-masters.de\/?page_id=7952"},"modified":"2021-08-24T13:02:24","modified_gmt":"2021-08-24T11:02:24","slug":"premium-events-fuer-die-messtechnik","status":"publish","type":"page","link":"https:\/\/messweb-masters.de\/en\/about\/premium-events-fuer-die-messtechnik\/","title":{"rendered":"Premium Events f\u00fcr die Messtechnik und mehr"},"content":{"rendered":"<p><strong><img loading=\"lazy\" decoding=\"async\" data-attachment-id=\"8093\" data-permalink=\"https:\/\/messweb-masters.de\/en\/about\/premium-events-fuer-die-messtechnik\/dh-logo-mit-premium-events-01\/\" data-orig-file=\"https:\/\/messweb-masters.de\/wp-content\/uploads\/2017\/12\/DH-Logo-mit-Premium-Events-01.svg\" data-orig-size=\"\" data-comments-opened=\"0\" data-image-meta=\"[]\" data-image-title=\"D&amp;#038;H Logo mit Premium Events-01\" data-image-description=\"\" data-image-caption=\"\" data-large-file=\"https:\/\/messweb-masters.de\/wp-content\/uploads\/2017\/12\/DH-Logo-mit-Premium-Events-01.svg\" class=\"logo wp-image-8093 alignright\" src=\"https:\/\/messtec-masters.de\/wp-content\/uploads\/2017\/12\/DH-Logo-mit-Premium-Events-01.svg\" alt=\"\" width=\"166\" height=\"123\">D&amp;H Premium Events organisiert Ihr B2B-Event kompetent, unkompliziert und kosteneffizient. Wir haben 20 Jahre Erfahrung mit der Durchf\u00fchrung von Ausstellungen, Seminaren, Workshops und Roadshows f\u00fcr den Technologie-Bereich. Unser Motto lautet: Meet the Best!<br \/>\n<\/strong><\/p>\n<p>Durch unsere enge Kooperation mit den Fachmedien des WILEY-VCH Verlag (vormals GIT Verlag) \u2013 u.a. messtec drives Automation, inspect, GIT Sicherheit &amp; Management \u2013 k\u00f6nnen wir unseren Kunden dar\u00fcber hinaus ein umfassendes Cross-Media Konzept f\u00fcr effektives Print-, Online- und Event-Marketing im B2B-Bereich bieten.<\/p>\n<hr>\n<p>Einige unserer Premium Events in den letzten Jahren:<\/p>\n<table style=\"width: 1073px;\">\n<tbody>\n<tr>\n<td style=\"vertical-align: middle; width: 189.859375px;\"><strong>Event<\/strong><\/td>\n<td style=\"vertical-align: middle; width: 801.140625px;\"><strong>Fokus<\/strong><\/td>\n<td style=\"width: 180px; text-align: center; vertical-align: middle;\"><b>&nbsp;&nbsp;<\/b><\/td>\n<\/tr>\n<tr>\n<td style=\"vertical-align: middle; width: 189.859375px;\">\n<h3>messtec + sensor masters<\/h3>\n<\/td>\n<td style=\"vertical-align: middle; width: 801.140625px;\">Innovative Messtechnik und Sensorik in entspannter Atmosph\u00e4re, begleitet von kulinarischen Highlights. Mehr nationale und internationale Aussteller denn je, ein umfangreiches Seminarprogramm und \u2013 vor allem \u2013 viele interessante Gespr\u00e4che.<\/td>\n<td style=\"text-align: center; vertical-align: middle; width: 60px;\"><a href=\"https:\/\/messtec-masters.de\"><img decoding=\"async\" data-attachment-id=\"7965\" data-permalink=\"https:\/\/messweb-masters.de\/en\/about\/premium-events-fuer-die-messtechnik\/msm_logo_cmyk-2\/\" data-orig-file=\"https:\/\/messweb-masters.de\/wp-content\/uploads\/2017\/12\/msm_Logo_CMYK.svg\" data-orig-size=\"\" data-comments-opened=\"0\" data-image-meta=\"[]\" data-image-title=\"MM-Logo SVG\" data-image-description=\"\" data-image-caption=\"\" data-large-file=\"https:\/\/messweb-masters.de\/wp-content\/uploads\/2017\/12\/msm_Logo_CMYK.svg\" class=\"alignnone wp-image-7965\" src=\"https:\/\/messtec-masters.de\/wp-content\/uploads\/2017\/12\/msm_Logo_CMYK.svg\" alt=\"\" width=\"170\"><\/a><\/td>\n<\/tr>\n<tr>\n<td style=\"vertical-align: middle; width: 189.859375px;\">\n<h3>Testing Lounge<\/h3>\n<\/td>\n<td style=\"vertical-align: middle; width: 801.140625px;\">Messebegleitende Seminare und Workshops zum Thema Pr\u00fcfst\u00e4nde<\/td>\n<td style=\"text-align: center; vertical-align: middle; width: 60px;\"><img decoding=\"async\" data-attachment-id=\"7984\" data-permalink=\"https:\/\/messweb-masters.de\/en\/about\/premium-events-fuer-die-messtechnik\/testinglounge\/\" data-orig-file=\"https:\/\/messweb-masters.de\/wp-content\/uploads\/2017\/12\/TestingLounge.svg\" data-orig-size=\"\" data-comments-opened=\"0\" data-image-meta=\"[]\" data-image-title=\"TestingLounge\" data-image-description=\"\" data-image-caption=\"\" data-large-file=\"https:\/\/messweb-masters.de\/wp-content\/uploads\/2017\/12\/TestingLounge.svg\" class=\"alignnone wp-image-7984\" src=\"https:\/\/messtec-masters.de\/wp-content\/uploads\/2017\/12\/TestingLounge.svg\" alt=\"\" width=\"170\"><\/td>\n<\/tr>\n<tr>\n<td style=\"vertical-align: middle; width: 189.859375px;\">\n<h3>Good Vibrations Tour<\/h3>\n<\/td>\n<td style=\"vertical-align: middle; width: 801.140625px;\">Roadshow mit Fokus auf NVH und Schwingungsmesstechnik<\/td>\n<td style=\"text-align: center; vertical-align: middle; width: 60px;\"><img decoding=\"async\" data-attachment-id=\"7986\" data-permalink=\"https:\/\/messweb-masters.de\/en\/about\/premium-events-fuer-die-messtechnik\/goodvibrations\/\" data-orig-file=\"https:\/\/messweb-masters.de\/wp-content\/uploads\/2017\/12\/GoodVibrations.svg\" data-orig-size=\"\" data-comments-opened=\"0\" data-image-meta=\"[]\" data-image-title=\"GoodVibrations\" data-image-description=\"\" data-image-caption=\"\" data-large-file=\"https:\/\/messweb-masters.de\/wp-content\/uploads\/2017\/12\/GoodVibrations.svg\" class=\"alignnone wp-image-7986\" src=\"https:\/\/messtec-masters.de\/wp-content\/uploads\/2017\/12\/GoodVibrations.svg\" alt=\"\" width=\"170\"><\/td>\n<\/tr>\n<tr>\n<td style=\"vertical-align: middle; width: 189.859375px;\">\n<h3>inspect application forum<\/h3>\n<\/td>\n<td style=\"vertical-align: middle; width: 801.140625px;\">Forum speziell f\u00fcr Endanwender auf der Fachmesse VISION. Ziel dieses Forums ist es, potentielle Nutzer von Bildverarbeitungstechnologien mit den f\u00fcr sie relevanten System- und L\u00f6sungsanbietern zu vernetzen. Verschiedene Branchen und Anwendungen und ihre spezifischen Anforderungen an die Bildverarbeitung stehen dabei im Fokus.<\/td>\n<td style=\"width: 60px; text-align: center; vertical-align: middle;\"> <img data-recalc-dims=\"1\" loading=\"lazy\" decoding=\"async\" data-attachment-id=\"15025\" data-permalink=\"https:\/\/messweb-masters.de\/en\/about\/premium-events-fuer-die-messtechnik\/inspect_application-forum_logo\/\" data-orig-file=\"https:\/\/i0.wp.com\/messweb-masters.de\/wp-content\/uploads\/2020\/05\/inspect_application-forum_logo.jpg?fit=1165%2C835&amp;ssl=1\" data-orig-size=\"1165,835\" data-comments-opened=\"0\" data-image-meta=\"{&quot;aperture&quot;:&quot;0&quot;,&quot;credit&quot;:&quot;&quot;,&quot;camera&quot;:&quot;&quot;,&quot;caption&quot;:&quot;&quot;,&quot;created_timestamp&quot;:&quot;0&quot;,&quot;copyright&quot;:&quot;&quot;,&quot;focal_length&quot;:&quot;0&quot;,&quot;iso&quot;:&quot;0&quot;,&quot;shutter_speed&quot;:&quot;0&quot;,&quot;title&quot;:&quot;&quot;,&quot;orientation&quot;:&quot;1&quot;}\" data-image-title=\"inspect_application forum_logo\" data-image-description=\"\" data-image-caption=\"\" data-large-file=\"https:\/\/i0.wp.com\/messweb-masters.de\/wp-content\/uploads\/2020\/05\/inspect_application-forum_logo.jpg?fit=1024%2C734&amp;ssl=1\" class=\"wp-image-15025 size-medium aligncenter\" src=\"https:\/\/i0.wp.com\/messtec-masters.de\/wp-content\/uploads\/2020\/05\/inspect_application-forum_logo-300x215.jpg?resize=300%2C215&#038;ssl=1\" alt=\"\" width=\"300\" height=\"215\" srcset=\"https:\/\/i0.wp.com\/messweb-masters.de\/wp-content\/uploads\/2020\/05\/inspect_application-forum_logo.jpg?resize=300%2C215&amp;ssl=1 300w, https:\/\/i0.wp.com\/messweb-masters.de\/wp-content\/uploads\/2020\/05\/inspect_application-forum_logo.jpg?resize=1024%2C734&amp;ssl=1 1024w, https:\/\/i0.wp.com\/messweb-masters.de\/wp-content\/uploads\/2020\/05\/inspect_application-forum_logo.jpg?resize=150%2C108&amp;ssl=1 150w, https:\/\/i0.wp.com\/messweb-masters.de\/wp-content\/uploads\/2020\/05\/inspect_application-forum_logo.jpg?resize=768%2C550&amp;ssl=1 768w, https:\/\/i0.wp.com\/messweb-masters.de\/wp-content\/uploads\/2020\/05\/inspect_application-forum_logo.jpg?w=1165&amp;ssl=1 1165w\" sizes=\"auto, (max-width: 300px) 100vw, 300px\" \/><\/td>\n<\/tr>\n<tr>\n<td style=\"vertical-align: middle; width: 189.859375px;\">\n<h3>Crash Days<\/h3>\n<\/td>\n<td style=\"vertical-align: middle; width: 801.140625px;\">Vortr\u00e4ge und Workshops zum Thema Crash-Test f\u00fcr Fahrzeuge<\/td>\n<td style=\"text-align: center; vertical-align: middle; width: 60px;\"><img data-recalc-dims=\"1\" loading=\"lazy\" decoding=\"async\" data-attachment-id=\"7989\" data-permalink=\"https:\/\/messweb-masters.de\/en\/about\/premium-events-fuer-die-messtechnik\/crash-days-170x77\/\" data-orig-file=\"https:\/\/i0.wp.com\/messweb-masters.de\/wp-content\/uploads\/2017\/12\/Crash-Days-170x77.png?fit=170%2C77&amp;ssl=1\" data-orig-size=\"170,77\" data-comments-opened=\"0\" data-image-meta=\"{&quot;aperture&quot;:&quot;0&quot;,&quot;credit&quot;:&quot;&quot;,&quot;camera&quot;:&quot;&quot;,&quot;caption&quot;:&quot;&quot;,&quot;created_timestamp&quot;:&quot;0&quot;,&quot;copyright&quot;:&quot;&quot;,&quot;focal_length&quot;:&quot;0&quot;,&quot;iso&quot;:&quot;0&quot;,&quot;shutter_speed&quot;:&quot;0&quot;,&quot;title&quot;:&quot;&quot;,&quot;orientation&quot;:&quot;0&quot;}\" data-image-title=\"Crash-Days-170&amp;#215;77\" data-image-description=\"\" data-image-caption=\"\" data-large-file=\"https:\/\/i0.wp.com\/messweb-masters.de\/wp-content\/uploads\/2017\/12\/Crash-Days-170x77.png?fit=170%2C77&amp;ssl=1\" class=\"alignnone size-full wp-image-7989\" src=\"https:\/\/i0.wp.com\/messtec-masters.de\/wp-content\/uploads\/2017\/12\/Crash-Days-170x77.png?resize=170%2C77&#038;ssl=1\" alt=\"\" width=\"170\" height=\"77\" srcset=\"https:\/\/i0.wp.com\/messweb-masters.de\/wp-content\/uploads\/2017\/12\/Crash-Days-170x77.png?resize=170%2C77&amp;ssl=1 170w, https:\/\/i0.wp.com\/messweb-masters.de\/wp-content\/uploads\/2017\/12\/Crash-Days-170x77.png?resize=150%2C68&amp;ssl=1 150w\" sizes=\"auto, (max-width: 170px) 100vw, 170px\" \/><\/td>\n<\/tr>\n<\/tbody>\n<\/table>\n","protected":false},"excerpt":{"rendered":"<p>D&amp;H Premium Events organisiert Ihr B2B-Event kompetent, unkompliziert und kosteneffizient. Wir haben 20 Jahre Erfahrung mit der Durchf\u00fchrung von Ausstellungen, Seminaren, Workshops und Roadshows f\u00fcr den Technologie-Bereich. Unser Motto lautet: Meet the Best! Durch unsere enge Kooperation mit den Fachmedien&#8230;<\/p>\n","protected":false},"author":5,"featured_media":0,"parent":5,"menu_order":0,"comment_status":"closed","ping_status":"closed","template":"page-fullwidth.php","meta":{"inline_featured_image":false,"jetpack_post_was_ever_published":false,"footnotes":""},"class_list":["post-7952","page","type-page","status-publish","hentry"],"translation":{"provider":"WPGlobus","version":"3.0.2","language":"en","enabled_languages":["de","en"],"languages":{"de":{"title":true,"content":true,"excerpt":false},"en":{"title":false,"content":false,"excerpt":false}}},"jetpack_shortlink":"https:\/\/wp.me\/P8ayXV-24g","jetpack_sharing_enabled":true,"_links":{"self":[{"href":"https:\/\/messweb-masters.de\/en\/wp-json\/wp\/v2\/pages\/7952","targetHints":{"allow":["GET"]}}],"collection":[{"href":"https:\/\/messweb-masters.de\/en\/wp-json\/wp\/v2\/pages"}],"about":[{"href":"https:\/\/messweb-masters.de\/en\/wp-json\/wp\/v2\/types\/page"}],"author":[{"embeddable":true,"href":"https:\/\/messweb-masters.de\/en\/wp-json\/wp\/v2\/users\/5"}],"replies":[{"embeddable":true,"href":"https:\/\/messweb-masters.de\/en\/wp-json\/wp\/v2\/comments?post=7952"}],"version-history":[{"count":48,"href":"https:\/\/messweb-masters.de\/en\/wp-json\/wp\/v2\/pages\/7952\/revisions"}],"predecessor-version":[{"id":25611,"href":"https:\/\/messweb-masters.de\/en\/wp-json\/wp\/v2\/pages\/7952\/revisions\/25611"}],"up":[{"embeddable":true,"href":"https:\/\/messweb-masters.de\/en\/wp-json\/wp\/v2\/pages\/5"}],"wp:attachment":[{"href":"https:\/\/messweb-masters.de\/en\/wp-json\/wp\/v2\/media?parent=7952"}],"curies":[{"name":"wp","href":"https:\/\/api.w.org\/{rel}","templated":true}]}}