{"id":6262,"date":"2017-01-17T15:17:49","date_gmt":"2017-01-17T14:17:49","guid":{"rendered":"http:\/\/messtec-masters.de\/?page_id=6262"},"modified":"2025-02-20T11:01:57","modified_gmt":"2025-02-20T10:01:57","slug":"csm-computer-systeme-messtechnik","status":"publish","type":"page","link":"https:\/\/messweb-masters.de\/en\/aussteller\/profile\/csm-computer-systeme-messtechnik\/","title":{"rendered":"CSM Computer-Systeme-Messtechnik"},"content":{"rendered":"<p><a href=\"http:\/\/www.csm.de\/\" target=\"_blank\" rel=\"noopener noreferrer\"><img loading=\"lazy\" decoding=\"async\" class=\"logo alignright\" src=\"https:\/\/messweb-masters.de\/wp-content\/uploads\/2021\/04\/2021_CSM.svg\" alt=\"\" width=\"193\" height=\"38\"><\/a><strong>CSM Computer-Systeme-Messtechnik GmbH<\/strong> ist ein f\u00fchrender Hersteller von Messtechnik und Datenerfassungssystemen f\u00fcr anspruchsvolle Anwendungen. Seit \u00fcber 30 Jahren setzen wir technologische Ma\u00dfst\u00e4be in der Messtechnik. Wir bieten Ihnen L\u00f6sungen f\u00fcr die komplette Messkette: kompakte und robuste Messmodule, stand-alone Datenlogger, Software zur Datenaufzeichnung und -visualisierung sowie ein gro\u00dfes Zubeh\u00f6rportfolio.<\/p>\n<p>Unsere Produkte werden weltweit f\u00fcr Entwicklung und Tests von Fahrzeugen und Komponenten bei extremen und wechselnden Umgebungsbedingungen eingesetzt. Spezielle Messsysteme erm\u00f6glichen direkte Messungen an Hochvolt-Komponenten in Elektro- und Hybridfahrzeugen \u2013 Sicherheit vom Sensor bis zur Datenerfassung wird dabei gro\u00df geschrieben.<\/p>\n<p>Erg\u00e4nzt werden unsere Messtechnik-Produkte durch eine gro\u00dfe Auswahl an Speicherkarten-Laufwerken und Speichermedien f\u00fcr den industriellen Einsatz sowie Programming-Tools f\u00fcr die Entwicklung und Produktion von Steuerger\u00e4ten.<span class='maxbutton-27-container mb-container'><a class=\"maxbutton-27 maxbutton maxbutton-produkte-csm\" href=\"https:\/\/messweb-masters.de\/category\/produkte\/?s=csm\"><span class='mb-text'>Zu den Produkten &gt;&gt;&gt;<\/span><\/a><\/span>\n<p>CSM Computer-Systeme-Messtechnik GmbH<br \/>\nRaiffeisenstr. 36<br \/>\n70794 Filderstadt<\/p>\n<p><a href=\"http:\/\/www.csm.de\" target=\"_blank\" rel=\"noopener noreferrer\">www.csm.de<\/a><\/p>\n","protected":false},"excerpt":{"rendered":"<p>CSM Computer-Systeme-Messtechnik GmbH ist ein f\u00fchrender Hersteller von Messtechnik und Datenerfassungssystemen f\u00fcr anspruchsvolle Anwendungen. Seit \u00fcber 30 Jahren setzen wir technologische Ma\u00dfst\u00e4be in der Messtechnik. Wir bieten Ihnen L\u00f6sungen f\u00fcr die komplette Messkette: kompakte und robuste Messmodule, stand-alone Datenlogger, Software&#8230;<\/p>\n","protected":false},"author":4,"featured_media":0,"parent":1590,"menu_order":0,"comment_status":"closed","ping_status":"closed","template":"","meta":{"inline_featured_image":false,"jetpack_post_was_ever_published":false,"footnotes":""},"class_list":["post-6262","page","type-page","status-publish","hentry"],"translation":{"provider":"WPGlobus","version":"3.0.2","language":"en","enabled_languages":["de","en"],"languages":{"de":{"title":true,"content":true,"excerpt":false},"en":{"title":false,"content":false,"excerpt":false}}},"jetpack_shortlink":"https:\/\/wp.me\/P8ayXV-1D0","jetpack_sharing_enabled":true,"_links":{"self":[{"href":"https:\/\/messweb-masters.de\/en\/wp-json\/wp\/v2\/pages\/6262","targetHints":{"allow":["GET"]}}],"collection":[{"href":"https:\/\/messweb-masters.de\/en\/wp-json\/wp\/v2\/pages"}],"about":[{"href":"https:\/\/messweb-masters.de\/en\/wp-json\/wp\/v2\/types\/page"}],"author":[{"embeddable":true,"href":"https:\/\/messweb-masters.de\/en\/wp-json\/wp\/v2\/users\/4"}],"replies":[{"embeddable":true,"href":"https:\/\/messweb-masters.de\/en\/wp-json\/wp\/v2\/comments?post=6262"}],"version-history":[{"count":19,"href":"https:\/\/messweb-masters.de\/en\/wp-json\/wp\/v2\/pages\/6262\/revisions"}],"predecessor-version":[{"id":45328,"href":"https:\/\/messweb-masters.de\/en\/wp-json\/wp\/v2\/pages\/6262\/revisions\/45328"}],"up":[{"embeddable":true,"href":"https:\/\/messweb-masters.de\/en\/wp-json\/wp\/v2\/pages\/1590"}],"wp:attachment":[{"href":"https:\/\/messweb-masters.de\/en\/wp-json\/wp\/v2\/media?parent=6262"}],"curies":[{"name":"wp","href":"https:\/\/api.w.org\/{rel}","templated":true}]}}