{"id":50487,"date":"2025-09-29T16:29:07","date_gmt":"2025-09-29T14:29:07","guid":{"rendered":"https:\/\/messweb-masters.de\/?page_id=50487"},"modified":"2026-03-27T11:14:13","modified_gmt":"2026-03-27T10:14:13","slug":"seminarprogramm","status":"publish","type":"page","link":"https:\/\/messweb-masters.de\/en\/seminarprogramm\/","title":{"rendered":"Vortragsprogramm 2025"},"content":{"rendered":"<p>Die Fachvortr\u00e4ge unserer Aussteller vermittelten in jeweils 30 Minuten kompakte Informationen zu den neuesten Entwicklungen und Anwendungen aus den Bereichen Messtechnik, Sensorik und Automotive Testing. Live verpasst? Unten finden Sie nun die Pr\u00e4sentationen <b>als PDF zum Downloaden<\/b>. Klicken Sie einfach auf die Titelzeile des Vortrags!<\/p>\n<p><b>Ganz neu ab 2026: Virtuelle Konferenz und Webinare<\/b><br \/>\nDieses Jahr wird das messweb masters erstmals als <b>Virtuelle Konferenz<\/b> stattfinden \u2013 eingebettet in die ganzj\u00e4hrige Webinarreihe <b>messweb <span style=\"color:#e67e23;\"><i>insights<\/i><\/span><\/b> zu spannenden Themen rund um die Messtechnik und Sensorik, die wir gemeinsam mit unserem Partner messweb.de gestartet haben. Bleiben Sie informiert: Auf unserer Webseite und mit unseren Newslettern werden wir Sie zeitnah \u00fcber Themen und Termine unterrichten.<\/b><\/p>\n<p>Unternehmen, die sich selber gerne in einem unserer Webinare pr\u00e4sentieren m\u00f6chten, senden uns bitte eine <a href=\"https:\/\/messweb-masters.de\/kontakt\/ausstelleranfrage\/\" target=\"_blank\" rel=\"noopener noreferrer\">Ausstelleranfrage<\/a>.<\/p>\n<table style=\"width: 100%; height: 140px;\">\n<tbody>\n<tr style=\"height: 70px;\">\n<td style=\"width: 80px; text-align: center; vertical-align: middle; height: 70px;\"><img data-recalc-dims=\"1\" loading=\"lazy\" decoding=\"async\" class=\"\" src=\"https:\/\/i0.wp.com\/messweb-masters.de\/wp-content\/uploads\/2022\/10\/PatricGehring_60x60.jpg?resize=60%2C60&#038;ssl=1\" title=\"Patric Gehring\" width=\"60\" height=\"60\" \/><strong>10:00<br \/>&#8211;<br \/>10:30<\/strong><\/td>\n<td style=\"vertical-align: middle; height: 70px;\"><strong>VibroScan QTec &#8211; Der neue Standard f\u00fcr vollfl\u00e4chige Schwingungsmessung<\/strong> (kein Download verf\u00fcgbar)<br \/>\nPolytec setzt mit dem neuen optischen Schwingungsmesssystem VibroScan QTec Ma\u00dfst\u00e4be in der Schwingungsanalyse. Herzst\u00fcck des Systems ist die innovative QTec\u00ae Technologie, die ein v\u00f6llig neues Niveau in der Genauigkeit und Effizienz der Messungen erreicht. QTec basiert auf einem Mehrkanal-Interferometer mit Empfangsdiversit\u00e4t, das Messdaten aus mehreren Perspektiven b\u00fcndelt und das Signal-Rausch-Verh\u00e4ltnis erheblich verbessert. Dadurch k\u00f6nnen selbst auf rauen Oberfl\u00e4chen pr\u00e4zise Ergebnisse erzielt werden \u2013 ohne zeitaufw\u00e4ndige Mittelungen oder Oberfl\u00e4chenvorbereitung.<br \/>\n<strong>Patric Gehring &#8211; Polytec<\/strong><\/td>\n<\/tr>\n<tr style=\"height: 70px;\">\n<td style=\"width: 80px; text-align: center; vertical-align: middle; height: 70px;\"><img data-recalc-dims=\"1\" loading=\"lazy\" decoding=\"async\" class=\"\" src=\"https:\/\/i0.wp.com\/messweb-masters.de\/wp-content\/uploads\/2025\/08\/SteffenHerr-60x60-1.jpg?resize=60%2C60&#038;ssl=1\" title=\"Steffen Herr\" width=\"60\" height=\"60\" \/><strong>10:30<br \/>&#8211;<br \/>11:00<\/strong><\/td>\n<td style=\"vertical-align: middle; height: 63px;\"><a href=\"https:\/\/messweb-masters.de\/wp-content\/uploads\/2025\/09\/PCB-Piezotronics-messweb-masters-2025.pdf\" title=\"Zum Download...\" target=\"_blank\" rel=\"noopener\"><b>Erdschleifen, EMV und Schirmungskonzepte<\/b><\/a><br \/>\nErdschleifen, EMV und andere St\u00f6rquellen sind h\u00e4ufige Probleme bei Messsystemen mit mehreren Erdungspunkten. Sie k\u00f6nnen zu St\u00f6rungen, Messfehlern oder gar Besch\u00e4digungen f\u00fchren. Wie entstehen solche &#8220;Ground Loops&#8221; und was kann dagegen unternommen werden? Wie \u00e4u\u00dfern sich solche Probleme und wie sind die Auswirkungen im Messsignal? Der Vortrag beleuchtet verschiedene Schirmungskonzepte und stellt L\u00f6sungen vor um diese St\u00f6rsignale, Fehlmessungen und Rauschen zu verringern bzw. zu eliminieren.<br \/>\n<strong>Steffen Herr &#8211; PCB Piezotronics<\/strong><\/td>\n<\/tr>\n<tr style=\"height: 70px;\">\n<td style=\"width: 80px; text-align: center; vertical-align: middle; height: 70px;\"><img data-recalc-dims=\"1\" loading=\"lazy\" decoding=\"async\" class=\"\" src=\"https:\/\/i0.wp.com\/messweb-masters.de\/wp-content\/uploads\/2025\/08\/DanielFoerder_60x60.jpg?resize=60%2C60&#038;ssl=1\" title=\"Daniel F\u00f6rder\" width=\"60\" height=\"60\" \/><strong>11:00<br \/>&#8211;<br \/>11:30<\/strong><\/td>\n<td style=\"vertical-align: middle; height: 63px;\"><a href=\"https:\/\/messweb-masters.de\/wp-content\/uploads\/2025\/09\/imc-FAMOS-2025-messweb-masters-2025.pdf\" title=\"Zum Download...\" target=\"_blank\" rel=\"noopener\"><strong>Modernste Datenanalyse ohne Einstiegsh\u00fcrde dank DSGVO-konformer KI \u2013 mit FAMOS 2025<\/strong><\/a><br \/>\nEin erfahrener Kollege, der immer Zeit hat \u2013 wie oft fehlt das, um effizient arbeiten zu k\u00f6nnen? Auch bei Software f\u00fcr die Messdatenanalyse kommt man oft nicht weiter und f\u00e4ngt an zu googeln oder eine KI zu fragen. Googeln f\u00fchrt aber oft zu endlosen Forumsdiskussionen und KIs haben ein Datenschutzproblem. Diese Software-Demo zeigt, wie das Problem in FAMOS 2025 gel\u00f6st ist und wie Ihnen halbtransparente Kurven und andere Neuerungen zu einer reibungslosen Sichtung und Auswertung von Messdaten verhelfen.<br \/>\n<strong>Daniel F\u00f6rder &#8211; imc Test &#038; Measurement<\/strong><\/td>\n<\/tr>\n<tr style=\"height: 70px;\">\n<td style=\"width: 80px; text-align: center; vertical-align: middle; height: 70px;\"><img data-recalc-dims=\"1\" loading=\"lazy\" decoding=\"async\" class=\"\" src=\"https:\/\/i0.wp.com\/messweb-masters.de\/wp-content\/uploads\/2025\/08\/KaiGilbert_60x60.jpg?resize=60%2C60&#038;ssl=1\" title=\"Kai Gilbert\" width=\"60\" height=\"60\" \/><strong>11:30<br \/>&#8211;<br \/>12:00<\/strong><\/td>\n<td style=\"vertical-align: middle; height: 63px;\"><a href=\"https:\/\/messweb-masters.de\/wp-content\/uploads\/2025\/09\/Sensoric-Solutions-MB-messweb-masters-2025.pdf\" title=\"Zum Download...\" target=\"_blank\" rel=\"noopener\"><strong>Hochpr\u00e4zise Fahrdynamik-Messungen bei Mercedes-Benz<\/strong><\/a><br \/>\nDer markentypischen Fahrcharakter wird durch eine Vielzahl von fahrdynamischen Kennwerten definiert, die festlegen, wie sich ein Mercedes beim Fahren anf\u00fchlen soll. Um dieses Ziel zu erreichen, werden Kennwerte im Fahrversuch pr\u00e4zise ermittelt und mit den Soll-Vorgaben abgeglichen. Dabei ist die korrekte Erfassung des fahrdynamischen Zustands eines Fahrzeugs von essenzieller Bedeutung. Der neuentwickelte Sensor OMS 7 von Sensoric Solutions geht neue Wege in der Messung fahrdynamischer Gr\u00f6\u00dfen. Er vereint zwei wichtige Technologien miteinander: Optische Ortsfilterverfahren und Inertiale Messeinheit (IMU).<br \/>\n<strong>Kai Gilbert &#8211; Sensoric Solutions<\/strong><\/td>\n<\/tr>\n<tr style=\"height: 70px;\">\n<td style=\"width: 80px; text-align: center; vertical-align: middle; height: 70px;\"><strong>12:00<br \/>&#8211;<br \/>13:30<\/strong><\/td>\n<td style=\"vertical-align: middle; height: 63px;\"><strong>Mittagspause<\/strong><\/td>\n<\/tr>\n<tr style=\"height: 70px;\">\n<td style=\"width: 80px; text-align: center; vertical-align: middle; height: 70px;\"><img data-recalc-dims=\"1\" loading=\"lazy\" decoding=\"async\" class=\"\" src=\"https:\/\/i0.wp.com\/messweb-masters.de\/wp-content\/uploads\/2025\/08\/BurkhardSchranz_60x60.jpg?resize=60%2C60&#038;ssl=1\" title=\"Burkhard Schranz\" width=\"60\" height=\"60\" \/><strong>13:30<br \/>&#8211;<br \/>14:00<\/strong><\/td>\n<td style=\"vertical-align: middle; height: 63px;\"><a href=\"https:\/\/messweb-masters.de\/wp-content\/uploads\/2025\/09\/optiMEAS-messweb-masters-2025.pdf\" title=\"Zum Download...\" target=\"_blank\" rel=\"noopener\"><strong>Vernetzte L\u00f6sungen von der Edge bis in die Cloud \u2013 flexibel einsetzbar in Versuch, Vorserie und Serie<\/strong><\/a><br \/>\nDer Vortrag zeigt, wie moderne Edge- und Cloud-Technologien heute bereits im Serienumfeld eingesetzt werden, um Fahrzeugdaten w\u00e4hrend des Betriebs kontinuierlich zu erfassen, zu \u00fcbertragen, zu visualisieren und systematisch auszuwerten. Im Fokus stehen: konfigurierbare Live-Dashboards auf jedem Endger\u00e4t, verlustfreie Daten\u00fcbertragung auch bei tempor\u00e4ren Verbindungsabbr\u00fcchen, sowie einfaches Ausrollen, Updaten und Diagnostizieren der Systeme \u2013 over the air, ohne Werkstattaufenthalt (mit Live-Demo im Testfahrzeug).<br \/>\n<strong>Burkhard Schranz &#8211; optiMEAS<\/strong><\/td>\n<\/tr>\n<tr style=\"height: 70px;\">\n<td style=\"width: 80px; text-align: center; vertical-align: middle; height: 70px;\"><img data-recalc-dims=\"1\" loading=\"lazy\" decoding=\"async\" class=\"\" src=\"https:\/\/i0.wp.com\/messweb-masters.de\/wp-content\/uploads\/2025\/08\/JoachimHilsmann_60x60.jpg?resize=60%2C60&#038;ssl=1\" title=\"Dr. Joachim Hilsmann\" width=\"60\" height=\"60\" \/><strong>14:00<br \/>&#8211;<br \/>14:30<\/strong><\/td>\n<td style=\"vertical-align: middle; height: 63px;\"><a href=\"https:\/\/messweb-masters.de\/wp-content\/uploads\/2025\/10\/measX-Akos-messweb-masters-2025.pdf\" title=\"Zum Download...\" target=\"_blank\" rel=\"noopener\"><strong>KI in der Praxis: Schwei\u00dfprozesse akustisch \u00fcberwachen<\/strong><\/a><br \/>\nIn der industriellen Produktion ist das Schwei\u00dfen eine Schl\u00fcsseltechnologie zur Wertsch\u00f6pfung. Die Qualit\u00e4ts-sicherung erfordert sowohl zerst\u00f6rende als auch zerst\u00f6rungsfreie Pr\u00fcfmethoden, wobei technische Heraus-forderungen wie Fachkr\u00e4ftemangel und hohe Kosten bestehen. Dieses Projekt entwickelt eine automatisierte, zerst\u00f6rungsfreie Qualit\u00e4tssicherung, die durch Luftschall fehlerhafte Prozessparameter schnell identifiziert und sicherheitskritische Bauteile fr\u00fchzeitig erkennt. Ein adaptiver Lernalgorithmus erm\u00f6glicht eine benutzer-freundliche Bedienung durch Nicht-Experten und passt sich dynamisch an verschiedene F\u00fcgeprozesse an.<br \/>\n<strong>Dr. Joachim Hilsmann &#8211; measX<\/strong><\/td>\n<\/tr>\n<tr style=\"height: 70px;\">\n<td style=\"width: 80px; text-align: center; vertical-align: middle; height: 70px;\"><img data-recalc-dims=\"1\" loading=\"lazy\" decoding=\"async\" class=\"\" src=\"https:\/\/i0.wp.com\/messweb-masters.de\/wp-content\/uploads\/2025\/08\/MichaelTasler-60x60-1.jpg?resize=60%2C60&#038;ssl=1\" title=\"Michael Tasler\" width=\"60\" height=\"60\" \/><strong>14:30<br \/>&#8211;<br \/>15:00<\/strong><\/td>\n<td style=\"vertical-align: middle; height: 63px;\"><a href=\"https:\/\/messweb-masters.de\/wp-content\/uploads\/2025\/09\/LTT-ADCstamp-messweb-masters-2025.pdf\" title=\"Zum Download...\" target=\"_blank\" rel=\"noopener\"><strong>Plug &#038; Play f\u00fcr Systementwickler: ADC System-on-Module mit 4 MHz Abtastrate, bis 6 kV \u00dcberspannung<\/strong><\/a><br \/>\nDer von Labortechnik Tasler entwickelte ADCstamp ist als AD-Wandler System-On-Module entwickelt worden und bietet einige Vorteile, die einen flexiblen Einsatz mit \u00fcberragender Messtechnik erm\u00f6glichen. Der ADCstamp l\u00e4sst sich in alle vorhandenen Systemumgebungen integrieren, wobei zur Inbetriebnahme nur wenige Minuten ben\u00f6tigt werden. F\u00fcr Hardware-Entwickler bietet dies nun Zugang zu unserer hochpr\u00e4zisen Messtechnik, die wir bereits seit \u00fcber 25 Jahren in Form unserer eigenen Messger\u00e4te erfolgreich vermarkten.<br \/>\n<strong>Michael Tasler &#8211; Labortechnik Tasler<\/strong><\/td>\n<\/tr>\n<\/tbody>\n<\/table>\n","protected":false},"excerpt":{"rendered":"<p>Die Fachvortr\u00e4ge unserer Aussteller vermittelten in jeweils 30 Minuten kompakte Informationen zu den neuesten Entwicklungen und Anwendungen aus den Bereichen Messtechnik, Sensorik und Automotive Testing. Live verpasst? Unten finden Sie nun die Pr\u00e4sentationen als PDF zum Downloaden. Klicken Sie einfach&#8230;<\/p>\n","protected":false},"author":4,"featured_media":0,"parent":0,"menu_order":0,"comment_status":"closed","ping_status":"closed","template":"","meta":{"inline_featured_image":false,"jetpack_post_was_ever_published":false,"footnotes":""},"class_list":["post-50487","page","type-page","status-publish","hentry"],"translation":{"provider":"WPGlobus","version":"3.0.2","language":"en","enabled_languages":["de","en"],"languages":{"de":{"title":true,"content":true,"excerpt":false},"en":{"title":false,"content":false,"excerpt":false}}},"jetpack_shortlink":"https:\/\/wp.me\/P8ayXV-d8j","jetpack_sharing_enabled":true,"_links":{"self":[{"href":"https:\/\/messweb-masters.de\/en\/wp-json\/wp\/v2\/pages\/50487","targetHints":{"allow":["GET"]}}],"collection":[{"href":"https:\/\/messweb-masters.de\/en\/wp-json\/wp\/v2\/pages"}],"about":[{"href":"https:\/\/messweb-masters.de\/en\/wp-json\/wp\/v2\/types\/page"}],"author":[{"embeddable":true,"href":"https:\/\/messweb-masters.de\/en\/wp-json\/wp\/v2\/users\/4"}],"replies":[{"embeddable":true,"href":"https:\/\/messweb-masters.de\/en\/wp-json\/wp\/v2\/comments?post=50487"}],"version-history":[{"count":90,"href":"https:\/\/messweb-masters.de\/en\/wp-json\/wp\/v2\/pages\/50487\/revisions"}],"predecessor-version":[{"id":53226,"href":"https:\/\/messweb-masters.de\/en\/wp-json\/wp\/v2\/pages\/50487\/revisions\/53226"}],"wp:attachment":[{"href":"https:\/\/messweb-masters.de\/en\/wp-json\/wp\/v2\/media?parent=50487"}],"curies":[{"name":"wp","href":"https:\/\/api.w.org\/{rel}","templated":true}]}}