{"id":5,"date":"2007-04-27T10:28:10","date_gmt":"2007-04-27T08:28:10","guid":{"rendered":"http:\/\/dh-premiumevents.de\/extern\/MesstecMasters\/2015\/?page_id=5"},"modified":"2024-08-29T11:02:28","modified_gmt":"2024-08-29T09:02:28","slug":"about","status":"publish","type":"page","link":"https:\/\/messweb-masters.de\/en\/about\/","title":{"rendered":"Impressum"},"content":{"rendered":"<p class=\"entrytext\"><strong>Betreiber\/Verantwortlicher im Sinne von \u00a75 TMG dieser Website und der damit verbundenen Internetdienste ist:<\/strong><\/p>\n<p><img loading=\"lazy\" decoding=\"async\" class=\" wp-image-7968 logo alignright\" src=\"https:\/\/messweb-masters.de\/wp-content\/uploads\/2017\/12\/DH-Logo-mit-Premium-Events-01.svg\" alt=\"\" width=\"130\" height=\"96\" \/>D&amp;H Premium Events GmbH<br \/>\n<em>Gesch\u00e4ftsf\u00fchrer: Joachim Hachmeister<\/em><\/p>\n<p>Josef-J\u00e4gerhuber-Str. 6<br \/>\n82319 Starnberg<br \/>\nTelefon: 08151 &#8211; 7464-82<\/p>\n<p>HRB 138128 AG M\u00fcnchen<br \/>\nUID DE 213532803<\/p>\n<p>Sie erreichen uns per E-Mail unter: <strong>mail [at] premiumevents.de<\/strong><\/p>\n<p><strong>Redaktionelle Hinweise:<\/strong> S\u00e4mtliche Beitr\u00e4ge dienen der Information \u00fcber unsere Veranstaltungen und spiegeln den derzeitigen Stand wieder. F\u00fcr technische Spezifikationen \u00fcbernehmen wir keinerlei Gew\u00e4hr. Diese beruhen ausschlie\u00dflich auf Angaben des jeweiligen Anbieters. <\/p>\n<p>Wir behalten uns vor Beitr\u00e4ge redaktionell zu bearbeiten, zu k\u00fcrzen oder zu l\u00f6schen. Im Sinne einer besseren Lesbarkeit und Verst\u00e4ndlichkeit verwenden wir auf unseren Webseiten keine Genderzeichen.  <\/p>\n<p>Soweit Links auf externe Seiten f\u00fchren, bedeutet dies nicht, dass wir uns den dortigen Inhalt zu Eigen machen.<\/p>\n<p><strong>Achtung:<\/strong> S\u00e4mtliche Inhalte dieser Website unterliegen dem Urheberrecht. Eine Verbreitung der Inhalte, die \u00fcber das gesetzlich Zul\u00e4ssige (z.B. Zitate) hinausgeht, bedarf stets der <em>vorherigen<\/em> Zustimmung. Dies gilt uneingeschr\u00e4nkt auch f\u00fcr RSS-Feeds.<\/p>\n<p><a href=\"https:\/\/messweb-masters.de\/about\/datenschutzerklaerung\/\">Datenschutzerkl\u00e4rung<\/a><br \/>\n<a href=\"https:\/\/messweb-masters.de\/about\/uber-uns\/\">\u00dcber uns&#8230;<\/a><br \/>\n<a href=\"https:\/\/www.linkedin.com\/company\/messweb-masters\" target=\"_blank\" rel=\"noopener\"><img data-recalc-dims=\"1\" loading=\"lazy\" decoding=\"async\" class=\"alignnone\" title=\"Folgen Sie uns auch auf LinkedIn\" src=\"https:\/\/i0.wp.com\/messweb-masters.de\/wp-content\/uploads\/2024\/05\/Linkedin_45x45.png?resize=45%2C45&#038;ssl=1\" alt=\"\" width=\"45\" height=\"45\" \/><\/a><\/p>\n","protected":false},"excerpt":{"rendered":"<p>Betreiber\/Verantwortlicher im Sinne von \u00a75 TMG dieser Website und der damit verbundenen Internetdienste ist: D&amp;H Premium Events GmbH Gesch\u00e4ftsf\u00fchrer: Joachim Hachmeister Josef-J\u00e4gerhuber-Str. 6 82319 Starnberg Telefon: 08151 &#8211; 7464-82 HRB 138128 AG M\u00fcnchen UID DE 213532803 Sie erreichen uns per&#8230;<\/p>\n","protected":false},"author":4,"featured_media":0,"parent":0,"menu_order":99,"comment_status":"closed","ping_status":"closed","template":"","meta":{"inline_featured_image":false,"jetpack_post_was_ever_published":false,"footnotes":""},"class_list":["post-5","page","type-page","status-publish","hentry"],"translation":{"provider":"WPGlobus","version":"3.0.2","language":"en","enabled_languages":["de","en"],"languages":{"de":{"title":true,"content":true,"excerpt":false},"en":{"title":false,"content":false,"excerpt":false}}},"jetpack_shortlink":"https:\/\/wp.me\/P8ayXV-5","jetpack_sharing_enabled":true,"_links":{"self":[{"href":"https:\/\/messweb-masters.de\/en\/wp-json\/wp\/v2\/pages\/5","targetHints":{"allow":["GET"]}}],"collection":[{"href":"https:\/\/messweb-masters.de\/en\/wp-json\/wp\/v2\/pages"}],"about":[{"href":"https:\/\/messweb-masters.de\/en\/wp-json\/wp\/v2\/types\/page"}],"author":[{"embeddable":true,"href":"https:\/\/messweb-masters.de\/en\/wp-json\/wp\/v2\/users\/4"}],"replies":[{"embeddable":true,"href":"https:\/\/messweb-masters.de\/en\/wp-json\/wp\/v2\/comments?post=5"}],"version-history":[{"count":22,"href":"https:\/\/messweb-masters.de\/en\/wp-json\/wp\/v2\/pages\/5\/revisions"}],"predecessor-version":[{"id":42744,"href":"https:\/\/messweb-masters.de\/en\/wp-json\/wp\/v2\/pages\/5\/revisions\/42744"}],"wp:attachment":[{"href":"https:\/\/messweb-masters.de\/en\/wp-json\/wp\/v2\/media?parent=5"}],"curies":[{"name":"wp","href":"https:\/\/api.w.org\/{rel}","templated":true}]}}