{"id":49450,"date":"2025-07-28T18:02:49","date_gmt":"2025-07-28T16:02:49","guid":{"rendered":"https:\/\/messweb-masters.de\/?page_id=49450"},"modified":"2025-07-28T18:02:49","modified_gmt":"2025-07-28T16:02:49","slug":"optimeas","status":"publish","type":"page","link":"https:\/\/messweb-masters.de\/en\/aussteller\/profile\/optimeas\/","title":{"rendered":"optiMEAS"},"content":{"rendered":"<p><a href=\"https:\/\/www.optimeas.de\/\" target=\"_blank\" rel=\"noopener\"><img decoding=\"async\" class=\"logo alignright\" src=\"https:\/\/messweb-masters.de\/wp-content\/uploads\/2025\/06\/2025_optiMEAS.svg\" alt=\"\"><\/a>Die <strong>optiMEAS GmbH<\/strong> steht seit 2009 f\u00fcr intelligente, internetbasierte Messtechnik und Datenvernetzung auf Serienniveau. Urspr\u00fcnglich aus industriellen Anwendungen und Flottenl\u00f6sungen im Schienenverkehr kommend, liefert optiMEAS heute skalierbare Systeme, die hochwertige Messdaten verlustfrei erfassen, \u00fcbertragen und live visualisieren \u2013 selbst unter realen Betriebsbedingungen und in gro\u00dfen Datenmengen.<\/p>\n<p>Die modulare Kombination aus robuster Edge-Hardware, smarter Embedded-Software und leistungsf\u00e4higer Cloudplattform erm\u00f6glicht nahtlose Prozesse von der Entwicklung \u00fcber den Fahrversuch bis in die Vorserie und Serie. Mit konfigurierbaren Dashboards, OTA-Updates und einfacher Integration setzt optiMEAS Ma\u00dfst\u00e4be f\u00fcr effiziente, transparente Datenanalyse in Echtzeit.<\/p>\n<p>Mehr als 2000 installierte Systeme weltweit und erfolgreiche Serienprojekte belegen die Kompetenz, mobile Messtechnik in vernetzte, zukunftssichere Digitalisierungsl\u00f6sungen zu verwandeln.<\/p>\n<p><strong>Besuchen Sie uns am Stand Nr. 1 A bei Sensoric Solutions und an unserem Testfahrzeug im Au\u00dfenbereich (Live-Demo)!<\/strong><\/p>\n<p>optiMEAS GmbH<br \/>\nAm Houiller Platz 4B<br \/>\n61381 Friedrichsdorf<\/p>\n<p>optiMEAS Switzerland GmbH<br \/>\nTalstrasse 33<br \/>\n8477 Oberstammheim<br \/>\nSchweiz<\/p>\n<p><a href=\"https:\/\/www.optimeas.de\" target=\"_blank\" rel=\"noopener\">www.optimeas.de<\/a><span class='maxbutton-117-container mb-container'><a class=\"maxbutton-117 maxbutton maxbutton-produkte-optimeas\" href=\"https:\/\/messweb-masters.de\/category\/produkte\/?s=optimeas\"><span class='mb-text'>Zu den Produkten &gt;&gt;&gt;<\/span><\/a><\/span> <\/p>\n","protected":false},"excerpt":{"rendered":"<p>Die optiMEAS GmbH steht seit 2009 f\u00fcr intelligente, internetbasierte Messtechnik und Datenvernetzung auf Serienniveau. Urspr\u00fcnglich aus industriellen Anwendungen und Flottenl\u00f6sungen im Schienenverkehr kommend, liefert optiMEAS heute skalierbare Systeme, die hochwertige Messdaten verlustfrei erfassen, \u00fcbertragen und live visualisieren \u2013 selbst unter&#8230;<\/p>\n","protected":false},"author":4,"featured_media":0,"parent":1590,"menu_order":0,"comment_status":"closed","ping_status":"closed","template":"","meta":{"inline_featured_image":false,"jetpack_post_was_ever_published":false,"footnotes":""},"class_list":["post-49450","page","type-page","status-publish","hentry"],"translation":{"provider":"WPGlobus","version":"3.0.2","language":"en","enabled_languages":["de","en"],"languages":{"de":{"title":true,"content":true,"excerpt":false},"en":{"title":false,"content":false,"excerpt":false}}},"jetpack_shortlink":"https:\/\/wp.me\/P8ayXV-cRA","jetpack_sharing_enabled":true,"_links":{"self":[{"href":"https:\/\/messweb-masters.de\/en\/wp-json\/wp\/v2\/pages\/49450","targetHints":{"allow":["GET"]}}],"collection":[{"href":"https:\/\/messweb-masters.de\/en\/wp-json\/wp\/v2\/pages"}],"about":[{"href":"https:\/\/messweb-masters.de\/en\/wp-json\/wp\/v2\/types\/page"}],"author":[{"embeddable":true,"href":"https:\/\/messweb-masters.de\/en\/wp-json\/wp\/v2\/users\/4"}],"replies":[{"embeddable":true,"href":"https:\/\/messweb-masters.de\/en\/wp-json\/wp\/v2\/comments?post=49450"}],"version-history":[{"count":6,"href":"https:\/\/messweb-masters.de\/en\/wp-json\/wp\/v2\/pages\/49450\/revisions"}],"predecessor-version":[{"id":49456,"href":"https:\/\/messweb-masters.de\/en\/wp-json\/wp\/v2\/pages\/49450\/revisions\/49456"}],"up":[{"embeddable":true,"href":"https:\/\/messweb-masters.de\/en\/wp-json\/wp\/v2\/pages\/1590"}],"wp:attachment":[{"href":"https:\/\/messweb-masters.de\/en\/wp-json\/wp\/v2\/media?parent=49450"}],"curies":[{"name":"wp","href":"https:\/\/api.w.org\/{rel}","templated":true}]}}