{"id":3776,"date":"2013-12-19T17:09:55","date_gmt":"2013-12-19T16:09:55","guid":{"rendered":"http:\/\/www.dh-premiumevents.de\/?page_id=3776&#038;lang=de_DE"},"modified":"2025-06-18T13:41:44","modified_gmt":"2025-06-18T11:41:44","slug":"althen-mess-sensortechnik","status":"publish","type":"page","link":"https:\/\/messweb-masters.de\/en\/aussteller\/profile\/althen-mess-sensortechnik\/","title":{"rendered":"ALTHEN Mess- und Sensortechnik"},"content":{"rendered":"<p><a href=\"https:\/\/www.althensensors.com\/de\" target=\"_blank\" rel=\"noopener\"><img loading=\"lazy\" decoding=\"async\" class=\"logo alignright\" src=\"https:\/\/messweb-masters.de\/wp-content\/uploads\/logo\/2018-ALTHEN.svg\" alt=\"\" width=\"296\" height=\"90\"><\/a><strong>ALTHEN GmbH Mess- und Sensortechnik<\/strong> steht f\u00fcr wegweisende Mess- und Sensorikl\u00f6sungen. Aufgrund unserer jahrzehntelangen Erfahrung k\u00f6nnen wir unsere Kunden mit Entwicklungen sowohl von Standard- als auch kundenspezifischen Sensoren bis zum kompletten Messsystem versorgen. In unserer Produktpalette sind alle physikalischen Messgr\u00f6\u00dfen vertreten.<\/p>\n<p>Faire und herstellerneutrale Kundenberatung, enge Zusammenarbeit von Vertrieb und Entwicklung sowie hauseigene Fertigung inklusive Kalibrierlabor sind die Grundpfeiler f\u00fcr den Erfolg des Unternehmens. Dabei legen wir gr\u00f6\u00dften Wert auf kundenorientierte L\u00f6sungen. Unseren Kunden bieten wir Anwenderberatung, Service und hauseigene Kalibrierung f\u00fcr Messwertaufnehmer, Sensoren sowie komplette Messsysteme und Systemintegrationen.<\/p>\n<p>Mit langj\u00e4hriger Erfahrung, technischem Sachverstand und umfangreichem Produktportfolio ist ALTHEN in der Lage, f\u00fcr nahezu alle Anwendungen der Mess- und Sensortechnik sinnvolle, kosteneffiziente und technisch hervorragende L\u00f6sungen zu schaffen.<\/p>\n<p>ALTHEN GmbH Mess- und Sensortechnik<br \/>\nDieselstra\u00dfe 2<br \/>\n65779 Kelkheim<\/p>\n<p><a href=\"http:\/\/www.althen.de\" target=\"_blank\" rel=\"noopener\">www.althen.de<\/a><br \/>\n<strong>Digitaler Aussteller!<\/strong><span class='maxbutton-8-container mb-container'><a class=\"maxbutton-8 maxbutton maxbutton-produkte-althen\" href=\"https:\/\/messweb-masters.de\/category\/produkte\/?s=althen\"><span class='mb-text'>Zu den Produkten &gt;&gt;&gt;<\/span><\/a><\/span>\n","protected":false},"excerpt":{"rendered":"<p>ALTHEN GmbH Mess- und Sensortechnik steht f\u00fcr wegweisende Mess- und Sensorikl\u00f6sungen. Aufgrund unserer jahrzehntelangen Erfahrung k\u00f6nnen wir unsere Kunden mit Entwicklungen sowohl von Standard- als auch kundenspezifischen Sensoren bis zum kompletten Messsystem versorgen. In unserer Produktpalette sind alle physikalischen Messgr\u00f6\u00dfen&#8230;<\/p>\n","protected":false},"author":4,"featured_media":0,"parent":1590,"menu_order":11,"comment_status":"open","ping_status":"open","template":"","meta":{"inline_featured_image":false,"jetpack_post_was_ever_published":false,"footnotes":""},"class_list":["post-3776","page","type-page","status-publish","hentry"],"translation":{"provider":"WPGlobus","version":"3.0.2","language":"en","enabled_languages":["de","en"],"languages":{"de":{"title":true,"content":true,"excerpt":false},"en":{"title":false,"content":false,"excerpt":false}}},"jetpack_shortlink":"https:\/\/wp.me\/P8ayXV-YU","jetpack_sharing_enabled":true,"_links":{"self":[{"href":"https:\/\/messweb-masters.de\/en\/wp-json\/wp\/v2\/pages\/3776","targetHints":{"allow":["GET"]}}],"collection":[{"href":"https:\/\/messweb-masters.de\/en\/wp-json\/wp\/v2\/pages"}],"about":[{"href":"https:\/\/messweb-masters.de\/en\/wp-json\/wp\/v2\/types\/page"}],"author":[{"embeddable":true,"href":"https:\/\/messweb-masters.de\/en\/wp-json\/wp\/v2\/users\/4"}],"replies":[{"embeddable":true,"href":"https:\/\/messweb-masters.de\/en\/wp-json\/wp\/v2\/comments?post=3776"}],"version-history":[{"count":23,"href":"https:\/\/messweb-masters.de\/en\/wp-json\/wp\/v2\/pages\/3776\/revisions"}],"predecessor-version":[{"id":48724,"href":"https:\/\/messweb-masters.de\/en\/wp-json\/wp\/v2\/pages\/3776\/revisions\/48724"}],"up":[{"embeddable":true,"href":"https:\/\/messweb-masters.de\/en\/wp-json\/wp\/v2\/pages\/1590"}],"wp:attachment":[{"href":"https:\/\/messweb-masters.de\/en\/wp-json\/wp\/v2\/media?parent=3776"}],"curies":[{"name":"wp","href":"https:\/\/api.w.org\/{rel}","templated":true}]}}