{"id":3760,"date":"2013-12-10T17:54:59","date_gmt":"2013-12-10T16:54:59","guid":{"rendered":"http:\/\/www.dh-premiumevents.de\/?page_id=3760&#038;lang=de_DE"},"modified":"2026-03-17T11:25:56","modified_gmt":"2026-03-17T10:25:56","slug":"uber-uns","status":"publish","type":"page","link":"https:\/\/messweb-masters.de\/en\/about\/uber-uns\/","title":{"rendered":"D&#038;H Premium Events"},"content":{"rendered":"<p><strong><img loading=\"lazy\" decoding=\"async\" class=\" wp-image-7968 logo alignright\" src=\"https:\/\/messweb-masters.de\/wp-content\/uploads\/2017\/12\/DH-Logo-mit-Premium-Events-01.svg\" alt=\"\" width=\"130\" height=\"96\" \/>Die D&#038;H Premium Events GmbH<\/strong> mit Sitz im oberbayerischen Starnberg ist bereits seit \u00fcber 20 Jahren erfolgreich als Spezialveranstalter von Ausstellungen, Tagungen, Roadshows und <b>Online-Events (neu!)<\/b> in den Bereichen Messtechnik, Sensorik und\u00a0 Bildverarbeitung t\u00e4tig. Zu unserem Portfolio in den letzten Jahren geh\u00f6ren und geh\u00f6rten u.a. folgende Veranstaltungen:<\/p>\n<ul>\n<li>messweb masters<\/li>\n<li>messweb insights<\/li>\n<li>inspect application forum<\/li>\n<li>Good Vibrations Tour<\/li>\n<li>Testing Lounge<\/li>\n<li>Crash Days<\/li>\n<\/ul>\n<p>Durch unsere enge Kooperation mit dem <strong>AMA Verband f\u00fcr Sensorik und Messtechnik e.V.<\/strong> und dem dazugeh\u00f6rigen Web-Portal <a href=\"https:\/\/www.messweb.de\" target=\"_blank\" rel=\"noopener\">messweb.de<\/a> k\u00f6nnen wir unseren Kunden dar\u00fcber hinaus ein umfassendes Cross-Media Konzept f\u00fcr effektives Online- und Event-Marketing im B2B-Bereich bieten. <strong>Unser Motto: Meet the Best!<\/strong><\/p>\n","protected":false},"excerpt":{"rendered":"<p>Die D&#038;H Premium Events GmbH mit Sitz im oberbayerischen Starnberg ist bereits seit \u00fcber 20 Jahren erfolgreich als Spezialveranstalter von Ausstellungen, Tagungen, Roadshows und Online-Events (neu!) in den Bereichen Messtechnik, Sensorik und\u00a0 Bildverarbeitung t\u00e4tig. Zu unserem Portfolio in den letzten&#8230;<\/p>\n","protected":false},"author":4,"featured_media":0,"parent":5,"menu_order":10,"comment_status":"open","ping_status":"open","template":"","meta":{"inline_featured_image":false,"jetpack_post_was_ever_published":false,"footnotes":""},"class_list":["post-3760","page","type-page","status-publish","hentry"],"translation":{"provider":"WPGlobus","version":"3.0.2","language":"en","enabled_languages":["de","en"],"languages":{"de":{"title":true,"content":true,"excerpt":false},"en":{"title":false,"content":false,"excerpt":false}}},"jetpack_shortlink":"https:\/\/wp.me\/P8ayXV-YE","jetpack_sharing_enabled":true,"_links":{"self":[{"href":"https:\/\/messweb-masters.de\/en\/wp-json\/wp\/v2\/pages\/3760","targetHints":{"allow":["GET"]}}],"collection":[{"href":"https:\/\/messweb-masters.de\/en\/wp-json\/wp\/v2\/pages"}],"about":[{"href":"https:\/\/messweb-masters.de\/en\/wp-json\/wp\/v2\/types\/page"}],"author":[{"embeddable":true,"href":"https:\/\/messweb-masters.de\/en\/wp-json\/wp\/v2\/users\/4"}],"replies":[{"embeddable":true,"href":"https:\/\/messweb-masters.de\/en\/wp-json\/wp\/v2\/comments?post=3760"}],"version-history":[{"count":48,"href":"https:\/\/messweb-masters.de\/en\/wp-json\/wp\/v2\/pages\/3760\/revisions"}],"predecessor-version":[{"id":53095,"href":"https:\/\/messweb-masters.de\/en\/wp-json\/wp\/v2\/pages\/3760\/revisions\/53095"}],"up":[{"embeddable":true,"href":"https:\/\/messweb-masters.de\/en\/wp-json\/wp\/v2\/pages\/5"}],"wp:attachment":[{"href":"https:\/\/messweb-masters.de\/en\/wp-json\/wp\/v2\/media?parent=3760"}],"curies":[{"name":"wp","href":"https:\/\/api.w.org\/{rel}","templated":true}]}}