{"id":33829,"date":"2024-03-04T13:51:00","date_gmt":"2024-03-04T12:51:00","guid":{"rendered":"https:\/\/messweb-masters.de\/?page_id=33829"},"modified":"2025-12-18T10:42:37","modified_gmt":"2025-12-18T09:42:37","slug":"datatec","status":"publish","type":"page","link":"https:\/\/messweb-masters.de\/en\/aussteller\/profile\/datatec\/","title":{"rendered":"dataTec"},"content":{"rendered":"<p><a href=\"http:\/\/www.datatec.eu\" target=\"_blank\"><img decoding=\"async\" class=\"logo alignright\" alt=\"\" src=\"https:\/\/messweb-masters.de\/wp-content\/uploads\/2024\/03\/2024_dataTec_mClaim.svg\" \/><\/a><strong>dataTec<\/strong> ist f\u00fchrender Fachdistributor f\u00fcr Mess- und Pr\u00fcftechnik in Deutschland mit starkem Wachstum in Europa. Unser breites Produktportfolio umfasst unter anderem Netzger\u00e4te, Oszilloskope, Messger\u00e4te, Modulare Messtechnik, Pr\u00fcfger\u00e4te und W\u00e4rmebildkameras von den st\u00e4rksten Marken. <\/p>\n<p>Doch was ist die beste L\u00f6sung f\u00fcr Sie? Hier machen die \u00fcber 140 Mitarbeiter bei dataTec den entscheidenden Unterschied und helfen Ihnen, die richtige Entscheidung zu treffen. Seit 40 Jahren beraten wir von unserem Stammsitz im schw\u00e4bischen Reutlingen aus, und mit \u00fcber 20 Experten im Au\u00dfendienst, Kunden verschiedenster Bereiche und Branchen. Mit Erfolg. Werten, die man sp\u00fcren kann und einer Haltung, die uns von anderen unterscheidet. <\/p>\n<p>Wir sprechen die Sprache unserer Kunden, h\u00f6ren zu, denken mit \u2013 aber leisten auch Widerstand, wenn Sie das falsche Produkt kaufen wollen. Das ist die Gr\u00f6\u00dfe, an der wir uns messen lassen. #messbaregr\u00f6\u00dfe<\/p>\n<p>dataTec AG<br \/>\nFerdinand-Lassalle-Str. 52<br \/>\n72270 Reutlingen<\/p>\n<p><a href=\"http:\/\/www.datatec.eu\" target=\"_blank\">www.datatec.eu<\/a><br \/>\n<strong>Digitaler Aussteller!<\/strong><span class='maxbutton-103-container mb-container'><a class=\"maxbutton-103 maxbutton maxbutton-news-datatec\" href=\"https:\/\/messweb-masters.de\/?s=datatec\"><span class='mb-text'>Mehr von dataTec &gt;&gt;&gt;<\/span><\/a><\/span>\n","protected":false},"excerpt":{"rendered":"<p>dataTec ist f\u00fchrender Fachdistributor f\u00fcr Mess- und Pr\u00fcftechnik in Deutschland mit starkem Wachstum in Europa. Unser breites Produktportfolio umfasst unter anderem Netzger\u00e4te, Oszilloskope, Messger\u00e4te, Modulare Messtechnik, Pr\u00fcfger\u00e4te und W\u00e4rmebildkameras von den st\u00e4rksten Marken. Doch was ist die beste L\u00f6sung f\u00fcr&#8230;<\/p>\n","protected":false},"author":4,"featured_media":0,"parent":1590,"menu_order":0,"comment_status":"closed","ping_status":"closed","template":"","meta":{"inline_featured_image":false,"jetpack_post_was_ever_published":false,"footnotes":""},"class_list":["post-33829","page","type-page","status-publish","hentry"],"translation":{"provider":"WPGlobus","version":"3.0.2","language":"en","enabled_languages":["de","en"],"languages":{"de":{"title":true,"content":true,"excerpt":false},"en":{"title":false,"content":false,"excerpt":false}}},"jetpack_shortlink":"https:\/\/wp.me\/P8ayXV-8ND","jetpack_sharing_enabled":true,"_links":{"self":[{"href":"https:\/\/messweb-masters.de\/en\/wp-json\/wp\/v2\/pages\/33829","targetHints":{"allow":["GET"]}}],"collection":[{"href":"https:\/\/messweb-masters.de\/en\/wp-json\/wp\/v2\/pages"}],"about":[{"href":"https:\/\/messweb-masters.de\/en\/wp-json\/wp\/v2\/types\/page"}],"author":[{"embeddable":true,"href":"https:\/\/messweb-masters.de\/en\/wp-json\/wp\/v2\/users\/4"}],"replies":[{"embeddable":true,"href":"https:\/\/messweb-masters.de\/en\/wp-json\/wp\/v2\/comments?post=33829"}],"version-history":[{"count":15,"href":"https:\/\/messweb-masters.de\/en\/wp-json\/wp\/v2\/pages\/33829\/revisions"}],"predecessor-version":[{"id":52528,"href":"https:\/\/messweb-masters.de\/en\/wp-json\/wp\/v2\/pages\/33829\/revisions\/52528"}],"up":[{"embeddable":true,"href":"https:\/\/messweb-masters.de\/en\/wp-json\/wp\/v2\/pages\/1590"}],"wp:attachment":[{"href":"https:\/\/messweb-masters.de\/en\/wp-json\/wp\/v2\/media?parent=33829"}],"curies":[{"name":"wp","href":"https:\/\/api.w.org\/{rel}","templated":true}]}}