{"id":3096,"date":"2013-01-21T15:08:08","date_gmt":"2013-01-21T14:08:08","guid":{"rendered":"http:\/\/www.dh-premiumevents.de\/?page_id=3096&#038;lang=de_DE"},"modified":"2025-01-07T11:27:09","modified_gmt":"2025-01-07T10:27:09","slug":"muller-bbm-vibroakustik-systeme","status":"publish","type":"page","link":"https:\/\/messweb-masters.de\/en\/aussteller\/profile\/muller-bbm-vibroakustik-systeme\/","title":{"rendered":"M\u00fcller-BBM VibroAkustik Systeme"},"content":{"rendered":"<p><a href=\"https:\/\/www.mbbm-vas.com\" target=\"_blank\" rel=\"noopener noreferrer\"><img decoding=\"async\" class=\"logo alignright\" src=\"https:\/\/messweb-masters.de\/wp-content\/uploads\/logo\/2018-MBBM.svg\" alt=\"\"><\/a><strong>M\u00fcller-BBM VibroAkustik Systeme<\/strong> ist ein weltweit agierender L\u00f6sungsanbieter f\u00fcr die Erfassung und Analyse von physikalischen Daten und die prozessuale Weiterbearbeitung in offene Cloud-Umgebungen. Die Software unserer PAK-Familie wird industrieweit eingesetzt.<\/p>\n<p>Ob E-Mobilit\u00e4t, NVH, Festigkeit oder Fahrkomfort \u2013 PAK liefert f\u00fcr alle Anwendungen ein flexibles und kompaktes Werkzeug f\u00fcr hochstandardisierte, genormte Aufgaben, Qualit\u00e4tspr\u00fcfung oder Troubleshooting. PAK integriert sich dabei leicht in bestehende Arbeitsabl\u00e4ufe und ist f\u00fcr viele Hersteller das System f\u00fcr die mobile NVH-Messtechnik.<\/p>\n<p>Unsere offene Plattformarchitektur ist die Basis, um nahtlos den Datenzugriff \u00fcber mehrere Datenquellen und Anwendungen standardisiert und effizient zu erm\u00f6glichen und mit Technologief\u00fchrern zusammenzuarbeiten. So lassen sich physikalische Daten in h\u00f6chster Qualit\u00e4t mit Pr\u00fcfstands-, Bus- und Energie-Daten oder Logging-Parametern weiterverarbeiten und performant den verschiedensten Applikationen in Echtzeit zur Verf\u00fcgung stellen. Auf diese Weise lassen sich mit nur einem Messaufbau mehrere Pr\u00fcfaufgaben parallel bearbeiten und Daten intelligent f\u00fcr eine effizientere Produktentwicklung vernetzen.<\/p>\n<p>M\u00fcller-BBM VibroAkustik Systeme GmbH<br \/>\nHelmut-A.-M\u00fcller-Stra\u00dfe 1-5<br \/>\n82152 Planegg<\/p>\n<p><strong><a href=\"https:\/\/www.mbbm-vas.com\" target=\"_blank\" rel=\"noopener noreferrer\">www.mbbm-vas.com<\/a><br \/>\n<\/strong><\/p>\n","protected":false},"excerpt":{"rendered":"<p>M\u00fcller-BBM VibroAkustik Systeme ist ein weltweit agierender L\u00f6sungsanbieter f\u00fcr die Erfassung und Analyse von physikalischen Daten und die prozessuale Weiterbearbeitung in offene Cloud-Umgebungen. Die Software unserer PAK-Familie wird industrieweit eingesetzt. Ob E-Mobilit\u00e4t, NVH, Festigkeit oder Fahrkomfort \u2013 PAK liefert f\u00fcr&#8230;<\/p>\n","protected":false},"author":4,"featured_media":0,"parent":1590,"menu_order":134,"comment_status":"open","ping_status":"closed","template":"","meta":{"inline_featured_image":false,"jetpack_post_was_ever_published":false,"footnotes":""},"class_list":["post-3096","page","type-page","status-publish","hentry"],"translation":{"provider":"WPGlobus","version":"3.0.2","language":"en","enabled_languages":["de","en"],"languages":{"de":{"title":true,"content":true,"excerpt":false},"en":{"title":false,"content":false,"excerpt":false}}},"jetpack_shortlink":"https:\/\/wp.me\/P8ayXV-NW","jetpack_sharing_enabled":true,"_links":{"self":[{"href":"https:\/\/messweb-masters.de\/en\/wp-json\/wp\/v2\/pages\/3096","targetHints":{"allow":["GET"]}}],"collection":[{"href":"https:\/\/messweb-masters.de\/en\/wp-json\/wp\/v2\/pages"}],"about":[{"href":"https:\/\/messweb-masters.de\/en\/wp-json\/wp\/v2\/types\/page"}],"author":[{"embeddable":true,"href":"https:\/\/messweb-masters.de\/en\/wp-json\/wp\/v2\/users\/4"}],"replies":[{"embeddable":true,"href":"https:\/\/messweb-masters.de\/en\/wp-json\/wp\/v2\/comments?post=3096"}],"version-history":[{"count":20,"href":"https:\/\/messweb-masters.de\/en\/wp-json\/wp\/v2\/pages\/3096\/revisions"}],"predecessor-version":[{"id":44942,"href":"https:\/\/messweb-masters.de\/en\/wp-json\/wp\/v2\/pages\/3096\/revisions\/44942"}],"up":[{"embeddable":true,"href":"https:\/\/messweb-masters.de\/en\/wp-json\/wp\/v2\/pages\/1590"}],"wp:attachment":[{"href":"https:\/\/messweb-masters.de\/en\/wp-json\/wp\/v2\/media?parent=3096"}],"curies":[{"name":"wp","href":"https:\/\/api.w.org\/{rel}","templated":true}]}}