{"id":27496,"date":"2022-07-08T11:43:39","date_gmt":"2022-07-08T09:43:39","guid":{"rendered":"https:\/\/messweb-masters.de\/?page_id=27496"},"modified":"2025-07-09T11:55:20","modified_gmt":"2025-07-09T09:55:20","slug":"sensoric-solutions-optic-and-motion","status":"publish","type":"page","link":"https:\/\/messweb-masters.de\/en\/aussteller\/profile\/sensoric-solutions-optic-and-motion\/","title":{"rendered":"Sensoric Solutions Optic and Motion"},"content":{"rendered":"<p><a href=\"https:\/\/www.sensoric-solutions.de\/\" target=\"_blank\" rel=\"noopener\"><img decoding=\"async\" class=\"logo alignright\" src=\"https:\/\/messweb-masters.de\/wp-content\/uploads\/2025\/02\/2025_SensoricSolutions.svg\" alt=\"\"><\/a>Die <strong>Sensoric Solutions Optic and Motion GmbH<\/strong> ist der Spezialist f\u00fcr optische Sensoren zur Erfassung von Fahrzeuggeschwindigkeiten, Schwimmwinkel sowie die Messung von Fahrzeugbewegungen in 3 Achsen.<\/p>\n<p>Unser T\u00e4tigkeitsbereich umfasst Entwicklung, Produktion und Service sowie den weltweiten Vertrieb von optischen Sensoren bis hin zu kompletten Messl\u00f6sungen. Die Realisierung kundenspezifischer Produkte und Dienstleistungen sind Teil unseres Angebots.<\/p>\n<p>Die Anwendungsbereiche der optischen Sensoren erstrecken sich \u00fcber den Fahrversuch, Tests von Fahrzeugen und Fahrzeugkomponenten, Schr\u00e4glaufwinkelmessung am Rad, Autonomes Fahren, ADAS Testing, Land Survey bis hin zu Anwendungen bei Schienenfahrzeugen. Zubeh\u00f6r wie Montagematerial sind Bestandteil des Portfolios und erlauben die einfache Montage der Sensoren in den unterschiedlichsten Anwendungsbereichen.<\/p>\n<p>Der optische Sensor von Sensoric Solutions erfasst alle n\u00f6tigen Messgr\u00f6\u00dfen mit einer nie dagewesenen Genauigkeit und Dynamik, damit vereinfachen wir dem Kunden die L\u00f6sung seiner Messaufgaben.<\/p>\n<p><strong>Besuchen Sie uns am Stand Nr. 1 A und an unserem Testfahrzeug im Au\u00dfenbereich (Live-Demo)!<\/strong><\/p>\n<p>Sensoric Solutions Optic and Motion GmbH<br \/>\nGie\u00dfener Str. 13<br \/>\n35582 Wetzlar-Dutenhofen<\/p>\n<p><a href=\"https:\/\/www.sensoric-solutions.de\" target=\"_blank\" rel=\"noopener\">www.sensoric-solutions.de<\/a><span class='maxbutton-92-container mb-container'><a class=\"maxbutton-92 maxbutton maxbutton-produkte-sensoric-solutions\" href=\"https:\/\/messweb-masters.de\/category\/produkte\/?s=sensoric+solutions\"><span class='mb-text'>Zu den Produkten &gt;&gt;&gt;<\/span><\/a><\/span>\n","protected":false},"excerpt":{"rendered":"<p>Die Sensoric Solutions Optic and Motion GmbH ist der Spezialist f\u00fcr optische Sensoren zur Erfassung von Fahrzeuggeschwindigkeiten, Schwimmwinkel sowie die Messung von Fahrzeugbewegungen in 3 Achsen. Unser T\u00e4tigkeitsbereich umfasst Entwicklung, Produktion und Service sowie den weltweiten Vertrieb von optischen Sensoren&#8230;<\/p>\n","protected":false},"author":4,"featured_media":0,"parent":1590,"menu_order":0,"comment_status":"closed","ping_status":"closed","template":"","meta":{"inline_featured_image":false,"jetpack_post_was_ever_published":false,"footnotes":""},"class_list":["post-27496","page","type-page","status-publish","hentry"],"translation":{"provider":"WPGlobus","version":"3.0.2","language":"en","enabled_languages":["de","en"],"languages":{"de":{"title":true,"content":true,"excerpt":false},"en":{"title":false,"content":false,"excerpt":false}}},"jetpack_shortlink":"https:\/\/wp.me\/P8ayXV-79u","jetpack_sharing_enabled":true,"_links":{"self":[{"href":"https:\/\/messweb-masters.de\/en\/wp-json\/wp\/v2\/pages\/27496","targetHints":{"allow":["GET"]}}],"collection":[{"href":"https:\/\/messweb-masters.de\/en\/wp-json\/wp\/v2\/pages"}],"about":[{"href":"https:\/\/messweb-masters.de\/en\/wp-json\/wp\/v2\/types\/page"}],"author":[{"embeddable":true,"href":"https:\/\/messweb-masters.de\/en\/wp-json\/wp\/v2\/users\/4"}],"replies":[{"embeddable":true,"href":"https:\/\/messweb-masters.de\/en\/wp-json\/wp\/v2\/comments?post=27496"}],"version-history":[{"count":20,"href":"https:\/\/messweb-masters.de\/en\/wp-json\/wp\/v2\/pages\/27496\/revisions"}],"predecessor-version":[{"id":49449,"href":"https:\/\/messweb-masters.de\/en\/wp-json\/wp\/v2\/pages\/27496\/revisions\/49449"}],"up":[{"embeddable":true,"href":"https:\/\/messweb-masters.de\/en\/wp-json\/wp\/v2\/pages\/1590"}],"wp:attachment":[{"href":"https:\/\/messweb-masters.de\/en\/wp-json\/wp\/v2\/media?parent=27496"}],"curies":[{"name":"wp","href":"https:\/\/api.w.org\/{rel}","templated":true}]}}