{"id":2581,"date":"2012-02-24T16:20:24","date_gmt":"2012-02-24T15:20:24","guid":{"rendered":"http:\/\/www.dh-premiumevents.de\/?page_id=2581&#038;lang=de_DE"},"modified":"2025-07-21T11:45:22","modified_gmt":"2025-07-21T09:45:22","slug":"imc-tm-gmbh","status":"publish","type":"page","link":"https:\/\/messweb-masters.de\/en\/aussteller\/profile\/imc-tm-gmbh\/","title":{"rendered":"imc Test &#038; Measurement GmbH"},"content":{"rendered":"<p><a href=\"https:\/\/www.imc-tm.de\" target=\"_blank\" rel=\"noopener\"><img decoding=\"async\" class=\"logo alignright\" src=\"https:\/\/messweb-masters.de\/wp-content\/uploads\/2025\/02\/2023_imc_tagline.svg\" alt=\"\"><\/a>Die <strong>imc Test &amp; Measurement GmbH<\/strong> ist Hersteller und L\u00f6sungsanbieter von produktiven Mess- und Pr\u00fcfsystemen. Gemeinsam mit seinen Kunden aus den Bereichen Fahrzeugtechnik, Maschinenbau, Bahn, Luftfahrt und Energie realisiert imc weltweit messtechnische L\u00f6sungen f\u00fcr Forschung, Entwicklung, Service und Fertigung. Anwender nutzen die imc-Sensoren, Messger\u00e4te und Software sowie integrierte Messl\u00f6sungen, um Prototypen zu validieren, Produkte zu optimieren, Prozesse zu \u00fcberwachen und Erkenntnisse aus Messdaten zu gewinnen.<\/p>\n<p>imc Test &amp; Measurement ist Teil von <strong>Axiometrix Solutions<\/strong>, einem f\u00fchrenden Anbieter von Testl\u00f6sungen, der weitere weltweit anerkannte Marken aus dem Bereich Messtechnik umfasst, darunter <strong>Audio Precision<\/strong> und <strong>GRAS Sound &amp; Vibration<\/strong>.<\/p>\n<p><strong>Wir freuen uns auf Ihren Besuch an unserem Stand Nr. 6 B und an unserem Testfahrzeug!<\/strong><span class='maxbutton-30-container mb-container'><a class=\"maxbutton-30 maxbutton maxbutton-produkte-imc\" href=\"https:\/\/messweb-masters.de\/category\/produkte\/?s=IMC:\"><span class='mb-text'>Zu den Produkten &gt;&gt;&gt;<\/span><\/a><\/span>\n<p>imc Test &amp; Measurement GmbH<br \/>\nVoltastra\u00dfe 5<br \/>\n13355 Berlin<br \/>\n<a href=\"https:\/\/www.imc-tm.de\/\" target=\"_blank\" rel=\"noopener noreferrer\">www.imc-tm.de<\/a><\/p>\n","protected":false},"excerpt":{"rendered":"<p>Die imc Test &amp; Measurement GmbH ist Hersteller und L\u00f6sungsanbieter von produktiven Mess- und Pr\u00fcfsystemen. Gemeinsam mit seinen Kunden aus den Bereichen Fahrzeugtechnik, Maschinenbau, Bahn, Luftfahrt und Energie realisiert imc weltweit messtechnische L\u00f6sungen f\u00fcr Forschung, Entwicklung, Service und Fertigung. Anwender&#8230;<\/p>\n","protected":false},"author":4,"featured_media":0,"parent":1590,"menu_order":92,"comment_status":"open","ping_status":"closed","template":"","meta":{"inline_featured_image":false,"jetpack_post_was_ever_published":false,"footnotes":""},"class_list":["post-2581","page","type-page","status-publish","hentry"],"translation":{"provider":"WPGlobus","version":"3.0.2","language":"en","enabled_languages":["de","en"],"languages":{"de":{"title":true,"content":true,"excerpt":false},"en":{"title":false,"content":false,"excerpt":false}}},"jetpack_shortlink":"https:\/\/wp.me\/P8ayXV-FD","jetpack_sharing_enabled":true,"_links":{"self":[{"href":"https:\/\/messweb-masters.de\/en\/wp-json\/wp\/v2\/pages\/2581","targetHints":{"allow":["GET"]}}],"collection":[{"href":"https:\/\/messweb-masters.de\/en\/wp-json\/wp\/v2\/pages"}],"about":[{"href":"https:\/\/messweb-masters.de\/en\/wp-json\/wp\/v2\/types\/page"}],"author":[{"embeddable":true,"href":"https:\/\/messweb-masters.de\/en\/wp-json\/wp\/v2\/users\/4"}],"replies":[{"embeddable":true,"href":"https:\/\/messweb-masters.de\/en\/wp-json\/wp\/v2\/comments?post=2581"}],"version-history":[{"count":40,"href":"https:\/\/messweb-masters.de\/en\/wp-json\/wp\/v2\/pages\/2581\/revisions"}],"predecessor-version":[{"id":49260,"href":"https:\/\/messweb-masters.de\/en\/wp-json\/wp\/v2\/pages\/2581\/revisions\/49260"}],"up":[{"embeddable":true,"href":"https:\/\/messweb-masters.de\/en\/wp-json\/wp\/v2\/pages\/1590"}],"wp:attachment":[{"href":"https:\/\/messweb-masters.de\/en\/wp-json\/wp\/v2\/media?parent=2581"}],"curies":[{"name":"wp","href":"https:\/\/api.w.org\/{rel}","templated":true}]}}