{"id":23443,"date":"2021-09-06T10:34:13","date_gmt":"2021-09-06T08:34:13","guid":{"rendered":"https:\/\/messtec-masters.de\/?page_id=23443"},"modified":"2024-04-04T17:27:12","modified_gmt":"2024-04-04T15:27:12","slug":"measx","status":"publish","type":"page","link":"https:\/\/messweb-masters.de\/en\/aussteller\/profile\/measx\/","title":{"rendered":"\u00dcber measX"},"content":{"rendered":"<p><a href=\"https:\/\/www.measx.com\" target=\"_blank\" rel=\"noopener\"><img loading=\"lazy\" decoding=\"async\" class=\"logo alignright\" src=\"https:\/\/messweb-masters.de\/wp-content\/uploads\/2021\/09\/2021_measX.svg\" alt=\"\" width=\"296\" height=\"90\"\/><\/a>Die <strong>measX GmbH &amp; Co. KG<\/strong> ist Spezialist f\u00fcr Pr\u00fcfstandstechnik und Testdatenmanagement. Seit 40 Jahren entwickelt das Unternehmen kundenspezifische Testsysteme f\u00fcr Forschung, Entwicklung und Produktion. Namhafte Firmen aus Automobilindustrie, Maschinenbau und anderen Branchen vertrauen auf die Kompetenz von measX.<\/p>\n<p>Schwerpunkte sind automatisierte Mess- und Pr\u00fcfsysteme, Modernisierungen, Anschlusstechnik und spezialisierte Messger\u00e4te in Kleinserie. measX realisiert Datenmanagement- und Auswertesysteme, die Kunden helfen, gewonnene Testdaten umfassend zu nutzen. measX ist ausgewiesener LabVIEW-Spezialist und Hauptdistributor der &#8220;Easy-to-use&#8221;- Messtechniksoftware DASYLab. Die eigens entwickelte Auswertesoftware X-Frame ist universell einsetzbar.<\/p>\n<p>X-Crash und X-Zero von measX sind weltweit f\u00fchrende Software zur Bewertung von Fahrzeugsicherheitstests. X-Crash ist verbindlicher Standard der Euro NCAP. Auf Versuche zur Fahrdynamik ist die Software MOSES spezialisiert. An den Unternehmensstandorten M\u00f6nchengladbach und Aachen sind mehr als 60 Mitarbeiter f\u00fcr Kunden in Deutschland, Europa und dar\u00fcber hinaus t\u00e4tig.<\/p>\n<p>measX ist langj\u00e4hriger Partner von NI, aktives Mitglied im AMA Fachverband f\u00fcr Sensorik e.V., ASAM e.V. und dem MDVFS.<\/p>\n<p><strong>Wir freuen uns auf Ihren Besuch an unserem Stand-Nr. 3B!<\/strong><span class='maxbutton-83-container mb-container'><a class=\"maxbutton-83 maxbutton maxbutton-produkte-measx\" href=\"https:\/\/messweb-masters.de\/category\/produkte\/?s=measx\"><span class='mb-text'>Zu den Produkten &gt;&gt;&gt;<\/span><\/a><\/span>\n<p>measX GmbH &#038; Co. KG<br \/>\nTrompeterallee 110<br \/>\n41189 M\u00f6nchengladbach<\/p>\n<p><a href=\"https:\/\/www.measx.com\" target=\"_blank\" rel=\"noopener\">www.measX.com<\/a><\/p>\n","protected":false},"excerpt":{"rendered":"<p>Die measX GmbH &amp; Co. KG ist Spezialist f\u00fcr Pr\u00fcfstandstechnik und Testdatenmanagement. Seit 40 Jahren entwickelt das Unternehmen kundenspezifische Testsysteme f\u00fcr Forschung, Entwicklung und Produktion. Namhafte Firmen aus Automobilindustrie, Maschinenbau und anderen Branchen vertrauen auf die Kompetenz von measX. Schwerpunkte&#8230;<\/p>\n","protected":false},"author":4,"featured_media":0,"parent":1590,"menu_order":0,"comment_status":"closed","ping_status":"closed","template":"","meta":{"inline_featured_image":false,"jetpack_post_was_ever_published":false,"footnotes":""},"class_list":["post-23443","page","type-page","status-publish","hentry"],"translation":{"provider":"WPGlobus","version":"3.0.2","language":"en","enabled_languages":["de","en"],"languages":{"de":{"title":true,"content":true,"excerpt":false},"en":{"title":false,"content":false,"excerpt":false}}},"jetpack_shortlink":"https:\/\/wp.me\/P8ayXV-667","jetpack_sharing_enabled":true,"_links":{"self":[{"href":"https:\/\/messweb-masters.de\/en\/wp-json\/wp\/v2\/pages\/23443","targetHints":{"allow":["GET"]}}],"collection":[{"href":"https:\/\/messweb-masters.de\/en\/wp-json\/wp\/v2\/pages"}],"about":[{"href":"https:\/\/messweb-masters.de\/en\/wp-json\/wp\/v2\/types\/page"}],"author":[{"embeddable":true,"href":"https:\/\/messweb-masters.de\/en\/wp-json\/wp\/v2\/users\/4"}],"replies":[{"embeddable":true,"href":"https:\/\/messweb-masters.de\/en\/wp-json\/wp\/v2\/comments?post=23443"}],"version-history":[{"count":13,"href":"https:\/\/messweb-masters.de\/en\/wp-json\/wp\/v2\/pages\/23443\/revisions"}],"predecessor-version":[{"id":36287,"href":"https:\/\/messweb-masters.de\/en\/wp-json\/wp\/v2\/pages\/23443\/revisions\/36287"}],"up":[{"embeddable":true,"href":"https:\/\/messweb-masters.de\/en\/wp-json\/wp\/v2\/pages\/1590"}],"wp:attachment":[{"href":"https:\/\/messweb-masters.de\/en\/wp-json\/wp\/v2\/media?parent=23443"}],"curies":[{"name":"wp","href":"https:\/\/api.w.org\/{rel}","templated":true}]}}