{"id":1753,"date":"2011-01-11T17:58:28","date_gmt":"2011-01-11T15:58:28","guid":{"rendered":"http:\/\/www.dh-premiumevents.de\/?page_id=1753&#038;lang=de_DE"},"modified":"2025-07-01T13:57:06","modified_gmt":"2025-07-01T11:57:06","slug":"ltt-labortechnik-tasler","status":"publish","type":"page","link":"https:\/\/messweb-masters.de\/en\/aussteller\/profile\/ltt-labortechnik-tasler\/","title":{"rendered":"Labortechnik Tasler"},"content":{"rendered":"<p><a href=\"http:\/\/www.tasler.de\" target=\"_blank\" rel=\"noopener noreferrer\"><img loading=\"lazy\" decoding=\"async\" class=\"logo alignright\" src=\"https:\/\/messweb-masters.de\/wp-content\/uploads\/2021\/03\/2021_LTT.svg\" alt=\"\" width=\"324\" height=\"138\"><\/a>Labortechnik Tasler hat sich auf die Entwicklung und Produktion mobiler elektronischer <strong>hochpr\u00e4ziser Messdatenerfassungssysteme<\/strong> &#8211; Transientenrekorder, Sensorcorder, Power Analyzer, All-In-One-Messger\u00e4te &#8211; im Highend-Segment spezialisiert und geh\u00f6rt mit mehr als 25 Jahren Erfahrung zu den f\u00fchrenden Herstellern im Bereich der qualitativ hochwertigen <strong>Messdatenerfassung.<\/strong><\/p>\n<p>Durch den modularen Aufbau der Messger\u00e4te LTT24 und LTTsmart (Letzteres als Datenlogger oder Power-Analyzer) profitieren unsere Kunden weltweit vor allem von individuellen, ma\u00dfgeschneiderten L\u00f6sungen f\u00fcr ihre spezifischen Bed\u00fcrfnisse. Ganz gleich ob der Einsatz der Messsysteme im Labor, in der Produktion oder im Freien stattfinden soll, wir garantieren h\u00f6chste Messgenauigkeit! Die Kontrolle \u00fcber Ihre Messwerte behalten Sie dabei mit unserer passenden Software. Diese bietet auch Schnittstellen zu einer Vielzahl von externen Softwarel\u00f6sungen.<\/p>\n<p>Als unsere neueste Messtechnik-Innovation pr\u00e4sentieren wir stolz einen AD-Wandler als komptaktes System-Modul: ADCstamp. Verbessern und steigern Sie Ihre Effizienz mit der hochpr\u00e4zisen Messdatenerfassung von Labortechnik Tasler!<br \/>\n<strong>Wir freuen uns auf Ihren Besuch an unserem Stand Nr. 1B!<\/strong><\/p>\n<p>Labortechnik Tasler GmbH<br \/>\nFriedrich-Bergius-Ring 15<br \/>\n97076 W\u00fcrzburg<\/p>\n<p><a href=\"http:\/\/www.tasler.de\">www.tasler.de<\/a><span class='maxbutton-9-container mb-container'><a class=\"maxbutton-9 maxbutton maxbutton-produkte-ltt\" href=\"https:\/\/messweb-masters.de\/category\/produkte\/?s=ltt\"><span class='mb-text'>Zu den Produkten &gt;&gt;&gt;<\/span><\/a><\/span>\n","protected":false},"excerpt":{"rendered":"<p>Labortechnik Tasler hat sich auf die Entwicklung und Produktion mobiler elektronischer hochpr\u00e4ziser Messdatenerfassungssysteme &#8211; Transientenrekorder, Sensorcorder, Power Analyzer, All-In-One-Messger\u00e4te &#8211; im Highend-Segment spezialisiert und geh\u00f6rt mit mehr als 25 Jahren Erfahrung zu den f\u00fchrenden Herstellern im Bereich der qualitativ hochwertigen&#8230;<\/p>\n","protected":false},"author":4,"featured_media":0,"parent":1590,"menu_order":121,"comment_status":"open","ping_status":"open","template":"","meta":{"inline_featured_image":false,"jetpack_post_was_ever_published":false,"footnotes":""},"class_list":["post-1753","page","type-page","status-publish","hentry"],"translation":{"provider":"WPGlobus","version":"3.0.2","language":"en","enabled_languages":["de","en"],"languages":{"de":{"title":true,"content":true,"excerpt":false},"en":{"title":false,"content":false,"excerpt":false}}},"jetpack_shortlink":"https:\/\/wp.me\/P8ayXV-sh","jetpack_sharing_enabled":true,"_links":{"self":[{"href":"https:\/\/messweb-masters.de\/en\/wp-json\/wp\/v2\/pages\/1753","targetHints":{"allow":["GET"]}}],"collection":[{"href":"https:\/\/messweb-masters.de\/en\/wp-json\/wp\/v2\/pages"}],"about":[{"href":"https:\/\/messweb-masters.de\/en\/wp-json\/wp\/v2\/types\/page"}],"author":[{"embeddable":true,"href":"https:\/\/messweb-masters.de\/en\/wp-json\/wp\/v2\/users\/4"}],"replies":[{"embeddable":true,"href":"https:\/\/messweb-masters.de\/en\/wp-json\/wp\/v2\/comments?post=1753"}],"version-history":[{"count":30,"href":"https:\/\/messweb-masters.de\/en\/wp-json\/wp\/v2\/pages\/1753\/revisions"}],"predecessor-version":[{"id":48855,"href":"https:\/\/messweb-masters.de\/en\/wp-json\/wp\/v2\/pages\/1753\/revisions\/48855"}],"up":[{"embeddable":true,"href":"https:\/\/messweb-masters.de\/en\/wp-json\/wp\/v2\/pages\/1590"}],"wp:attachment":[{"href":"https:\/\/messweb-masters.de\/en\/wp-json\/wp\/v2\/media?parent=1753"}],"curies":[{"name":"wp","href":"https:\/\/api.w.org\/{rel}","templated":true}]}}