{"id":13010,"date":"2020-02-13T11:38:00","date_gmt":"2020-02-13T10:38:00","guid":{"rendered":"https:\/\/messtec-masters.de\/?page_id=13010"},"modified":"2024-09-04T09:39:41","modified_gmt":"2024-09-04T07:39:41","slug":"axon-systems","status":"publish","type":"page","link":"https:\/\/messweb-masters.de\/en\/aussteller\/profile\/axon-systems\/","title":{"rendered":"AXON SYSTEMS"},"content":{"rendered":"<p><a href=\"http:\/\/www.axon-systems.de\" target=\"_blank\" rel=\"noopener\"><img data-recalc-dims=\"1\" decoding=\"async\" class=\"logo alignright\" src=\"https:\/\/i0.wp.com\/messweb-masters.de\/wp-content\/uploads\/2024\/06\/2024_axon_systems_320x160.jpg?w=1200&#038;ssl=1\" alt=\"\"><\/a><strong>AXON Systems<\/strong> ist Ihr Ansprechpartner f\u00fcr rotierende Messtechnik. Wir helfen Ihnen bei Ihren Messaufgaben \u2013 von der detaillierten Planung, \u00fcber die Realisierung bis hin zur Unterst\u00fctzung vor Ort bei Inbetriebnahme und Messung. Unser langj\u00e4hriges Know-how ist die Grundlage f\u00fcr tausende erfolgreich durchgef\u00fchrter Messungen, selbst unter schwierigsten Umgebungsbedingungen.<\/p>\n<p>Unsere Produkte sind speziell daf\u00fcr entwickelt, physikalische Messgr\u00f6\u00dfen (Temperatur, Drehmomente, Kr\u00e4fte, etc.) auf rotierenden Bauteilen zu messen und drahtlos zu \u00fcbertragen. Obwohl der Schwerpunkt dieser Anwendungen zweifellos im Automotivebereich seine Anwendung findet, werden unsere Telemetriesysteme auch zunehmend in weiteren Dom\u00e4nen eingesetzt, wie Schiffbau, Schienenverkehr, Maschinenbau und Windkraft. Allen gemeinsam ist, die konsequent schnelle und pr\u00e4zise Messdatenerfassung und deren Auswertung.<\/p>\n<p>Verf\u00fcgbar sind sowohl traditionelle 1-Kanal-Messsysteme, wie sie zum Beispiel f\u00fcr die ber\u00fchrungslose \u00dcbertragung von Drehmomenten, Kr\u00e4ften, Temperaturen oder \u00c4hnlichem ben\u00f6tigt werden, als auch Mehrkanalsysteme, die zeitgleich die Signale verschiedener Sensoren \u00fcbertragen k\u00f6nnen. Dabei liegt der Schwerpunkt all unserer Entwicklungen darin, Ihnen als Kunde ein einfach zu bedienendes, aber h\u00f6chst zuverl\u00e4ssiges Telemetriesystem zur Verf\u00fcgung zu stellen. Alle Komponenten unserer Systeme sind innerhalb einer Produktfamilie problemlos quertauschbar, was ein einfaches Handling garantiert.<\/p>\n<p>Wir freuen uns auf Ihren Besuch am <strong>Stand-Nr. 7 A+B (bei CSM \/ Vector).<\/strong> <\/p>\n<p>AXON Systems GmbH<br \/>\nWildmoos 5<br \/>\nD-82266 Inning<\/p>\n<p><a href=\"http:\/\/www.axon-systems.com\/\" target=\"_blank\" rel=\"noopener\">www.axon-systems.com<\/a><\/p>\n","protected":false},"excerpt":{"rendered":"<p>AXON Systems ist Ihr Ansprechpartner f\u00fcr rotierende Messtechnik. Wir helfen Ihnen bei Ihren Messaufgaben \u2013 von der detaillierten Planung, \u00fcber die Realisierung bis hin zur Unterst\u00fctzung vor Ort bei Inbetriebnahme und Messung. Unser langj\u00e4hriges Know-how ist die Grundlage f\u00fcr tausende&#8230;<\/p>\n","protected":false},"author":4,"featured_media":0,"parent":1590,"menu_order":0,"comment_status":"closed","ping_status":"closed","template":"","meta":{"inline_featured_image":false,"jetpack_post_was_ever_published":false,"footnotes":""},"class_list":["post-13010","page","type-page","status-publish","hentry"],"translation":{"provider":"WPGlobus","version":"3.0.2","language":"en","enabled_languages":["de","en"],"languages":{"de":{"title":true,"content":true,"excerpt":false},"en":{"title":false,"content":false,"excerpt":false}}},"jetpack_shortlink":"https:\/\/wp.me\/P8ayXV-3nQ","jetpack_sharing_enabled":true,"_links":{"self":[{"href":"https:\/\/messweb-masters.de\/en\/wp-json\/wp\/v2\/pages\/13010","targetHints":{"allow":["GET"]}}],"collection":[{"href":"https:\/\/messweb-masters.de\/en\/wp-json\/wp\/v2\/pages"}],"about":[{"href":"https:\/\/messweb-masters.de\/en\/wp-json\/wp\/v2\/types\/page"}],"author":[{"embeddable":true,"href":"https:\/\/messweb-masters.de\/en\/wp-json\/wp\/v2\/users\/4"}],"replies":[{"embeddable":true,"href":"https:\/\/messweb-masters.de\/en\/wp-json\/wp\/v2\/comments?post=13010"}],"version-history":[{"count":17,"href":"https:\/\/messweb-masters.de\/en\/wp-json\/wp\/v2\/pages\/13010\/revisions"}],"predecessor-version":[{"id":42888,"href":"https:\/\/messweb-masters.de\/en\/wp-json\/wp\/v2\/pages\/13010\/revisions\/42888"}],"up":[{"embeddable":true,"href":"https:\/\/messweb-masters.de\/en\/wp-json\/wp\/v2\/pages\/1590"}],"wp:attachment":[{"href":"https:\/\/messweb-masters.de\/en\/wp-json\/wp\/v2\/media?parent=13010"}],"curies":[{"name":"wp","href":"https:\/\/api.w.org\/{rel}","templated":true}]}}