{"id":12301,"date":"2020-01-14T12:19:34","date_gmt":"2020-01-14T11:19:34","guid":{"rendered":"http:\/\/messtec-masters.de\/?page_id=12301"},"modified":"2024-06-28T16:32:51","modified_gmt":"2024-06-28T14:32:51","slug":"reckmann","status":"publish","type":"page","link":"https:\/\/messweb-masters.de\/en\/aussteller\/profile\/reckmann\/","title":{"rendered":"RECKMANN"},"content":{"rendered":"<p><a href=\"https:\/\/www.reckmann.de\" target=\"_blank\" rel=\"noopener noreferrer\"><img decoding=\"async\" class=\"logo alignright\" src=\"https:\/\/messweb-masters.de\/wp-content\/uploads\/2024\/06\/2024_Reckmann.svg\" alt=\"\"> <\/a>Die <strong>RECKMANN GMBH<\/strong> produziert Temperatursensoren f\u00fcr Testapplikationen in der Automobilindustrie, wie z. B. Thermoelemente und Widerstandthermometer. Unsere Hochvolt-Thermoelemente erm\u00f6glichen eine sichere Messung an batterieelektrischen Systemen. Mit unserem nach IEC\/EN 17025 akkreditierten Kalibrierlabor bieten wir ein breites Spektrum an Dienstleistungen an, um unseren Kunden maximale Messgenauigkeit zu gew\u00e4hrleisten. Wir f\u00fchren Kalibrierungen u.a. gem\u00e4\u00df DAkkS, AMS2750E und CQl-9 durch und bieten mit der Reckmann-Akademie Schulungen zu den Grundlagen rund um die Temperaturmesstechnik oder besondere Spezialseminare f\u00fcr z.B. AMS2750 E und CQl-9 an.<\/p>\n<p><strong>Auf Ihren Besuch am Stand Nr. 6 A freuen wir uns!<\/strong><\/p>\n<p>RECKMANN GMBH<br \/>\nWerkzeugstra\u00dfe 19-23<br \/>\n58093 Hagen<\/p>\n<p><a href=\"http:\/\/www.reckmann.de\" target=\"_blank\" rel=\"noopener noreferrer\">www.reckmann.de<\/a><\/p>\n","protected":false},"excerpt":{"rendered":"<p>Die RECKMANN GMBH produziert Temperatursensoren f\u00fcr Testapplikationen in der Automobilindustrie, wie z. B. Thermoelemente und Widerstandthermometer. Unsere Hochvolt-Thermoelemente erm\u00f6glichen eine sichere Messung an batterieelektrischen Systemen. Mit unserem nach IEC\/EN 17025 akkreditierten Kalibrierlabor bieten wir ein breites Spektrum an Dienstleistungen an,&#8230;<\/p>\n","protected":false},"author":4,"featured_media":0,"parent":1590,"menu_order":0,"comment_status":"closed","ping_status":"closed","template":"","meta":{"inline_featured_image":false,"jetpack_post_was_ever_published":false,"footnotes":""},"class_list":["post-12301","page","type-page","status-publish","hentry"],"translation":{"provider":"WPGlobus","version":"3.0.2","language":"en","enabled_languages":["de","en"],"languages":{"de":{"title":true,"content":true,"excerpt":false},"en":{"title":false,"content":false,"excerpt":false}}},"jetpack_shortlink":"https:\/\/wp.me\/P8ayXV-3cp","jetpack_sharing_enabled":true,"_links":{"self":[{"href":"https:\/\/messweb-masters.de\/en\/wp-json\/wp\/v2\/pages\/12301","targetHints":{"allow":["GET"]}}],"collection":[{"href":"https:\/\/messweb-masters.de\/en\/wp-json\/wp\/v2\/pages"}],"about":[{"href":"https:\/\/messweb-masters.de\/en\/wp-json\/wp\/v2\/types\/page"}],"author":[{"embeddable":true,"href":"https:\/\/messweb-masters.de\/en\/wp-json\/wp\/v2\/users\/4"}],"replies":[{"embeddable":true,"href":"https:\/\/messweb-masters.de\/en\/wp-json\/wp\/v2\/comments?post=12301"}],"version-history":[{"count":16,"href":"https:\/\/messweb-masters.de\/en\/wp-json\/wp\/v2\/pages\/12301\/revisions"}],"predecessor-version":[{"id":39402,"href":"https:\/\/messweb-masters.de\/en\/wp-json\/wp\/v2\/pages\/12301\/revisions\/39402"}],"up":[{"embeddable":true,"href":"https:\/\/messweb-masters.de\/en\/wp-json\/wp\/v2\/pages\/1590"}],"wp:attachment":[{"href":"https:\/\/messweb-masters.de\/en\/wp-json\/wp\/v2\/media?parent=12301"}],"curies":[{"name":"wp","href":"https:\/\/api.w.org\/{rel}","templated":true}]}}