{"id":10834,"date":"2019-02-08T13:25:23","date_gmt":"2019-02-08T12:25:23","guid":{"rendered":"http:\/\/messtec-masters.de\/?page_id=10834"},"modified":"2025-06-20T18:02:22","modified_gmt":"2025-06-20T16:02:22","slug":"stiegele-datensysteme","status":"publish","type":"page","link":"https:\/\/messweb-masters.de\/en\/aussteller\/profile\/stiegele-datensysteme\/","title":{"rendered":"STIEGELE Datensysteme"},"content":{"rendered":"<p><a href=\"https:\/\/www.stiegele.eu\/\" target=\"_blank\" rel=\"noopener\"><img loading=\"lazy\" decoding=\"async\" class=\"logo alignright\" src=\"https:\/\/messweb-masters.de\/wp-content\/uploads\/logo\/2018-Stiegele.svg\" alt=\"\" width=\"296\" height=\"90\"><\/a><strong>STIEGELE Datensysteme<\/strong> entwickelt seit fast drei Jahrzehnten Standard-Software f\u00fcr Messdatenerfassung, Auswertung und Pr\u00fcfstandsteuerung, aber auch Hardware wie MSR-Systeme und digitale Regler.<\/p>\n<p>Zus\u00e4tzlich bietet das Unternehmen komplette Pr\u00fcfstandsl\u00f6sungen, die aus 19-Zoll-Steuerschr\u00e4nken, MSR-Hardware und Software bestehen. Unsere Software unterst\u00fctzt eine Vielzahl von Datenerfassungs- und Steuerungs-Hardware, sowie den Import und Export verschiedener Datenformate.<\/p>\n<p>STIEGELE Datensysteme GmbH<br \/>\nHerrngasse 14<br \/>\n91541 Rothenburg o.d. Tauber<\/p>\n<p><a href=\"https:\/\/www.stiegele.eu\/\" target=\"_blank\" rel=\"noopener\">www.stiegele.eu<\/a><\/strong><span class='maxbutton-12-container mb-container'><a class=\"maxbutton-12 maxbutton maxbutton-produkte-stiegele\" href=\"https:\/\/messweb-masters.de\/category\/produkte\/?s=stiegele\"><span class='mb-text'>Zu den Produkten &gt;&gt;&gt;<\/span><\/a><\/span>\n","protected":false},"excerpt":{"rendered":"<p>STIEGELE Datensysteme entwickelt seit fast drei Jahrzehnten Standard-Software f\u00fcr Messdatenerfassung, Auswertung und Pr\u00fcfstandsteuerung, aber auch Hardware wie MSR-Systeme und digitale Regler. Zus\u00e4tzlich bietet das Unternehmen komplette Pr\u00fcfstandsl\u00f6sungen, die aus 19-Zoll-Steuerschr\u00e4nken, MSR-Hardware und Software bestehen. Unsere Software unterst\u00fctzt eine Vielzahl von&#8230;<\/p>\n","protected":false},"author":4,"featured_media":0,"parent":1590,"menu_order":0,"comment_status":"closed","ping_status":"closed","template":"","meta":{"inline_featured_image":false,"jetpack_post_was_ever_published":false,"footnotes":""},"class_list":["post-10834","page","type-page","status-publish","hentry"],"translation":{"provider":"WPGlobus","version":"3.0.2","language":"en","enabled_languages":["de","en"],"languages":{"de":{"title":true,"content":true,"excerpt":false},"en":{"title":false,"content":false,"excerpt":false}}},"jetpack_shortlink":"https:\/\/wp.me\/P8ayXV-2OK","jetpack_sharing_enabled":true,"_links":{"self":[{"href":"https:\/\/messweb-masters.de\/en\/wp-json\/wp\/v2\/pages\/10834","targetHints":{"allow":["GET"]}}],"collection":[{"href":"https:\/\/messweb-masters.de\/en\/wp-json\/wp\/v2\/pages"}],"about":[{"href":"https:\/\/messweb-masters.de\/en\/wp-json\/wp\/v2\/types\/page"}],"author":[{"embeddable":true,"href":"https:\/\/messweb-masters.de\/en\/wp-json\/wp\/v2\/users\/4"}],"replies":[{"embeddable":true,"href":"https:\/\/messweb-masters.de\/en\/wp-json\/wp\/v2\/comments?post=10834"}],"version-history":[{"count":13,"href":"https:\/\/messweb-masters.de\/en\/wp-json\/wp\/v2\/pages\/10834\/revisions"}],"predecessor-version":[{"id":48768,"href":"https:\/\/messweb-masters.de\/en\/wp-json\/wp\/v2\/pages\/10834\/revisions\/48768"}],"up":[{"embeddable":true,"href":"https:\/\/messweb-masters.de\/en\/wp-json\/wp\/v2\/pages\/1590"}],"wp:attachment":[{"href":"https:\/\/messweb-masters.de\/en\/wp-json\/wp\/v2\/media?parent=10834"}],"curies":[{"name":"wp","href":"https:\/\/api.w.org\/{rel}","templated":true}]}}