{"id":1032,"date":"2010-01-30T18:20:19","date_gmt":"2010-01-30T16:20:19","guid":{"rendered":"http:\/\/www.dh-premiumevents.de\/?page_id=1032&#038;lang=de_DE"},"modified":"2025-07-30T10:05:55","modified_gmt":"2025-07-30T08:05:55","slug":"ipetronik","status":"publish","type":"page","link":"https:\/\/messweb-masters.de\/en\/aussteller\/profile\/ipetronik\/","title":{"rendered":"IPETRONIK"},"content":{"rendered":"<p><a href=\"https:\/\/www.ipetronik.com\/de\/\" target=\"_blank\" rel=\"noopener\"><img decoding=\"async\" class=\"logo alignright\" src=\"https:\/\/messweb-masters.de\/wp-content\/uploads\/logo\/2018-IPEtronik.svg\"><\/a>Die <strong>IPETRONIK GmbH &amp; Co. KG<\/strong> ist ein global agierendes Unternehmen f\u00fcr mobile Messtechnik, DAQ-Software, Ingenieurdienstleistungen und Pr\u00fcfstandstechnik in der Automobilindustrie. Wir kombinieren technologische Entwicklung, praktische Anwendung und zuverl\u00e4ssige Datenverarbeitung in einem einzigartigen System und verhelfen unseren Kunden so, den steigenden Forschungs-, Entwicklungs- und Testanforderungen jederzeit gerecht zu werden.<\/p>\n<p>Unser Portfolio an hochpr\u00e4zisen Messmodulen, Datenloggern und Sensoren bietet \u2013 zusammen mit einer leistungsf\u00e4higen Konfigurations- und Messdatenerfassungssoftware \u2013 modernste, felderprobte Technologien f\u00fcr extreme Umgebungsbedingungen sowie die volle Anwendungsunterst\u00fctzung f\u00fcr Datenbusse, Protokolle und Steuereinheiten. Dar\u00fcber hinaus besitzen wir umfassende Kompetenzen in den Bereichen Fahrzeug- und Pr\u00fcfstandserprobung, Klima-Akustik und Thermomanagement und verf\u00fcgen \u00fcber langj\u00e4hrige Expertise auf dem Gebiet des Pr\u00fcfstandsbaus.<\/p>\n<p>Die innovativen L\u00f6sungen werden in Baden-Baden entwickelt und in Deutschland hergestellt. Seit 2001 ist IPETRONIK ein Unternehmen der INDUS Holding AG.<\/p>\n<p><strong>Wir freuen uns auf Ihren Besuch beim messweb masters an unserem Stand Nr. 4 A\/B!<\/strong><span class='maxbutton-5-container mb-container'><a class=\"maxbutton-5 maxbutton maxbutton-produkte-ipetronik\" href=\"https:\/\/messweb-masters.de\/category\/produkte\/?s=ipetronik\"><span class='mb-text'>Zu den Produkten &gt;&gt;&gt;<\/span><\/a><\/span>\n<p>IPETRONIK GmbH &amp; Co. KG<br \/>\nIm Rollfeld 28<br \/>\n76532 Baden-Baden<\/p>\n<p><a href=\"https:\/\/www.ipetronik.com\/de\/neuigkeiten-aktuelles\/messen-und-events\/details\/messweb-masters-2022-kopie-2.html\" target=\"_blank\" rel=\"noopener\">www.ipetronik.com<\/a><\/p>\n","protected":false},"excerpt":{"rendered":"<p>Die IPETRONIK GmbH &amp; Co. KG ist ein global agierendes Unternehmen f\u00fcr mobile Messtechnik, DAQ-Software, Ingenieurdienstleistungen und Pr\u00fcfstandstechnik in der Automobilindustrie. Wir kombinieren technologische Entwicklung, praktische Anwendung und zuverl\u00e4ssige Datenverarbeitung in einem einzigartigen System und verhelfen unseren Kunden so, den&#8230;<\/p>\n","protected":false},"author":4,"featured_media":0,"parent":1590,"menu_order":93,"comment_status":"open","ping_status":"open","template":"","meta":{"inline_featured_image":false,"jetpack_post_was_ever_published":false,"footnotes":""},"class_list":["post-1032","page","type-page","status-publish","hentry"],"translation":{"provider":"WPGlobus","version":"3.0.2","language":"en","enabled_languages":["de","en"],"languages":{"de":{"title":true,"content":true,"excerpt":false},"en":{"title":false,"content":false,"excerpt":false}}},"jetpack_shortlink":"https:\/\/wp.me\/P8ayXV-gE","jetpack_sharing_enabled":true,"_links":{"self":[{"href":"https:\/\/messweb-masters.de\/en\/wp-json\/wp\/v2\/pages\/1032","targetHints":{"allow":["GET"]}}],"collection":[{"href":"https:\/\/messweb-masters.de\/en\/wp-json\/wp\/v2\/pages"}],"about":[{"href":"https:\/\/messweb-masters.de\/en\/wp-json\/wp\/v2\/types\/page"}],"author":[{"embeddable":true,"href":"https:\/\/messweb-masters.de\/en\/wp-json\/wp\/v2\/users\/4"}],"replies":[{"embeddable":true,"href":"https:\/\/messweb-masters.de\/en\/wp-json\/wp\/v2\/comments?post=1032"}],"version-history":[{"count":19,"href":"https:\/\/messweb-masters.de\/en\/wp-json\/wp\/v2\/pages\/1032\/revisions"}],"predecessor-version":[{"id":49565,"href":"https:\/\/messweb-masters.de\/en\/wp-json\/wp\/v2\/pages\/1032\/revisions\/49565"}],"up":[{"embeddable":true,"href":"https:\/\/messweb-masters.de\/en\/wp-json\/wp\/v2\/pages\/1590"}],"wp:attachment":[{"href":"https:\/\/messweb-masters.de\/en\/wp-json\/wp\/v2\/media?parent=1032"}],"curies":[{"name":"wp","href":"https:\/\/api.w.org\/{rel}","templated":true}]}}