{"id":10245,"date":"2019-01-21T16:18:53","date_gmt":"2019-01-21T15:18:53","guid":{"rendered":"http:\/\/messtec-masters.de\/?page_id=10245"},"modified":"2024-09-04T18:50:33","modified_gmt":"2024-09-04T16:50:33","slug":"sevenbel","status":"publish","type":"page","link":"https:\/\/messweb-masters.de\/en\/aussteller\/profile\/sevenbel\/","title":{"rendered":"Seven Bel &#8211; die Innovatoren der akustischen Kamera"},"content":{"rendered":"<p><a href=\"https:\/\/www.sevenbel.com\/de\" target=\"_blank\" rel=\"noopener\"><img decoding=\"async\" class=\"logo alignright\" src=\"https:\/\/messweb-masters.de\/wp-content\/uploads\/2024\/06\/2024_Sevenbel.svg\" alt=\"\"><\/a><strong>Seven Bel<\/strong> entwickelte mit dem Sound Scanner eine Technologie, mit der Schallquellen hochpr\u00e4zise und schnell geortet werden. <\/p>\n<p>Die zugrunde liegende Technologie basiert auf einem Sensor, der das Schallfeld auf einer Kreisfl\u00e4che feingranular abtastet. Das Messinstrument ist durch eine Mobile App einfach zu bedienen, schnell einsatzbereit (erste Messergebnisse inkl. Aufbauzeit f\u00fcr den Sensor in weniger als 3 Minuten), mobil (keine gro\u00dfen Aufbauten oder Kabel n\u00f6tig) und liefert hochqualitative Messergebnisse auch f\u00fcr tieffrequenten Schall. <\/p>\n<p>Der Unternehmensname Seven Bel leitet sich von dem Schallpegel 70 Dezibel (bzw. 7 Bel) ab, jenem Grenzwert, ab dem L\u00e4rm f\u00fcr Menschen auf Dauer potenziell gesundheitsgef\u00e4hrdend sein kann. Die Motivation von Seven Bel ist, Ingenieure dabei zu unterst\u00fctzen, leisere Produkte zu entwickeln bzw. dort effizient ansetzen zu k\u00f6nnen, wo etwas zu laut ist. Oft ist der Ursprung von Schall schwer zu ermitteln oder eben nicht dort wo man ihn vermutet. Mit der akustischen Kamera von Seven Bel k\u00f6nnen Schallquellen schnell und einfach detektiert werden. Zeit, die oft in langwierige Ursachenforschung oder Versuche investiert wird, kann dadurch eingespart werden. <\/p>\n<p>Schall sichtbar zu machen und bildlich darzustellen macht es einfacher, hochwertige technische L\u00f6sungen umzusetzen, dadurch Produkte und Prozesse leiser zu machen und insgesamt zur Schallreduktion beizutragen.<span class='maxbutton-109-container mb-container'><a class=\"maxbutton-109 maxbutton maxbutton-produkte-seven-bel\" href=\"https:\/\/messweb-masters.de\/category\/produkte\/?s=seven bel\"><span class='mb-text'>Zu den Produkten &gt;&gt;&gt;<\/span><\/a><\/span>\n<p>Seven Bel GmbH<br \/>\nHafenstra\u00dfe 47-51<br \/>\nA-4020 Linz \/ \u00d6sterreich<\/p>\n<p><a href=\"https:\/\/www.sevenbel.com\/de\" target=\"_blank\" rel=\"noopener\">www.sevenbel.com<\/a><\/p>\n","protected":false},"excerpt":{"rendered":"<p>Seven Bel entwickelte mit dem Sound Scanner eine Technologie, mit der Schallquellen hochpr\u00e4zise und schnell geortet werden. Die zugrunde liegende Technologie basiert auf einem Sensor, der das Schallfeld auf einer Kreisfl\u00e4che feingranular abtastet. Das Messinstrument ist durch eine Mobile App&#8230;<\/p>\n","protected":false},"author":4,"featured_media":0,"parent":1590,"menu_order":0,"comment_status":"closed","ping_status":"closed","template":"","meta":{"inline_featured_image":false,"jetpack_post_was_ever_published":false,"footnotes":""},"class_list":["post-10245","page","type-page","status-publish","hentry"],"translation":{"provider":"WPGlobus","version":"3.0.2","language":"en","enabled_languages":["de","en"],"languages":{"de":{"title":true,"content":true,"excerpt":false},"en":{"title":false,"content":false,"excerpt":false}}},"jetpack_shortlink":"https:\/\/wp.me\/P8ayXV-2Ff","jetpack_sharing_enabled":true,"_links":{"self":[{"href":"https:\/\/messweb-masters.de\/en\/wp-json\/wp\/v2\/pages\/10245","targetHints":{"allow":["GET"]}}],"collection":[{"href":"https:\/\/messweb-masters.de\/en\/wp-json\/wp\/v2\/pages"}],"about":[{"href":"https:\/\/messweb-masters.de\/en\/wp-json\/wp\/v2\/types\/page"}],"author":[{"embeddable":true,"href":"https:\/\/messweb-masters.de\/en\/wp-json\/wp\/v2\/users\/4"}],"replies":[{"embeddable":true,"href":"https:\/\/messweb-masters.de\/en\/wp-json\/wp\/v2\/comments?post=10245"}],"version-history":[{"count":21,"href":"https:\/\/messweb-masters.de\/en\/wp-json\/wp\/v2\/pages\/10245\/revisions"}],"predecessor-version":[{"id":42946,"href":"https:\/\/messweb-masters.de\/en\/wp-json\/wp\/v2\/pages\/10245\/revisions\/42946"}],"up":[{"embeddable":true,"href":"https:\/\/messweb-masters.de\/en\/wp-json\/wp\/v2\/pages\/1590"}],"wp:attachment":[{"href":"https:\/\/messweb-masters.de\/en\/wp-json\/wp\/v2\/media?parent=10245"}],"curies":[{"name":"wp","href":"https:\/\/api.w.org\/{rel}","templated":true}]}}